{"id":919,"date":"2018-04-03T17:49:16","date_gmt":"2018-04-03T17:49:16","guid":{"rendered":"https:\/\/www.ecosoulericeira.com\/?page_id=919"},"modified":"2025-01-30T17:16:30","modified_gmt":"2025-01-30T17:16:30","slug":"informacao-essencial","status":"publish","type":"page","link":"https:\/\/www.ecosoulericeira.com\/pt-pt\/informacao-essencial\/","title":{"rendered":"Informa\u00e7\u00e3o Essencial"},"content":{"rendered":"<div class=\"wpb-content-wrapper\">[vc_row fullwidth=&#8221;true&#8221; css=&#8221;.vc_custom_1522255907221{background-image: url(https:\/\/www.ecosoulericeira.com\/wp-content\/uploads\/2018\/03\/topo-galeria-min.jpg?id=845) !important;background-position: center !important;background-repeat: no-repeat !important;background-size: cover !important;}&#8221;][vc_column][mk_padding_divider size=&#8221;380&#8243;][\/vc_column][\/vc_row][vc_row][vc_column][mk_padding_divider size=&#8221;60&#8243;][\/vc_column][\/vc_row][vc_row fullwidth=&#8221;true&#8221; fullwidth_content=&#8221;false&#8221;][vc_column][mk_padding_divider size=&#8221;25&#8243;][vc_column_text css=&#8221;.vc_custom_1595155525955{margin-bottom: 0px !important;}&#8221;]\n<h1 style=\"text-align: center;\">Informa\u00e7\u00e3o Essencial<\/h1>\n[\/vc_column_text][vc_row_inner][vc_column_inner width=&#8221;1\/6&#8243;][\/vc_column_inner][vc_column_inner width=&#8221;2\/3&#8243;][vc_column_text css=&#8221;.vc_custom_1590327448249{margin-bottom: 0px !important;}&#8221;]\n<h5 style=\"text-align: center;\">Alojamento para adultos.<\/h5>\n[\/vc_column_text][\/vc_column_inner][vc_column_inner width=&#8221;1\/6&#8243;][\/vc_column_inner][\/vc_row_inner][mk_padding_divider size=&#8221;70&#8243;][vc_row_inner][vc_column_inner][vc_column_text css=&#8221;.vc_custom_1717070616943{margin-bottom: 0px !important;}&#8221;]<strong>Pol\u00edtica de idade e camas extras: <\/strong>A idade minima para fazer o check-in \u00e9 18 anos. Os quartos admitem o m\u00e1ximo de duas pessoas. N\u00e3o h\u00e1 camas extras.[\/vc_column_text][vc_column_text css=&#8221;.vc_custom_1738257240702{margin-bottom: 0px !important;}&#8221;]<strong>Hor\u00e1rio de Check-in: <\/strong>\u00a0Das 15h00\u00a0 \u00e0s 19h00.<\/p>\n<p><strong>Hor\u00e1rio de Check-out<\/strong>: Das 9h00 \u00e0s 11h00.<\/p>\n<p><b><span lang=\"PT\">Informe o seu hor\u00e1rio de chegada antecipadamente:<\/span><\/b><span lang=\"PT\"> Este estabelecimento<\/span> n\u00e3o disp\u00f5e de servi\u00e7o de recep\u00e7\u00e3o. Os h\u00f3spedes devem informar com anteced\u00eancia a sua hora de chegada.<\/p>\n<p><strong>Check-in antecipado ou tardio e check-out tard\u00edo <\/strong>s\u00e3o considerados pedidos especiais e t\u00eam um custo adicional.<\/p>\n<ul>\n<li>Check-in antecipado entre \u00e0s 12h00 e \u00e0s 15h00 \u2013 50\u20ac<\/li>\n<li>Check-in tard\u00edo entre \u00e0s 19h00 e \u00e0s 21h00 \u2013 30\u20ac<\/li>\n<li>Check-out tard\u00edo entre \u00e0s 11h00 e \u00e0s 13h00 \u2013 50\u20ac<\/li>\n<\/ul>\n<p>*** Este servi\u00e7o est\u00e1 sujeito \u00e0 disponibilidade. Dever\u00e1 ser solicitado por email a info@ecosoulericeira.com, com a anteced\u00eancia m\u00ednima de 24 horas e somente ser\u00e1 efetivo mediante confirma\u00e7\u00e3o por escrito da ger\u00eancia.<\/p>\n<p><strong>Bagagem:<\/strong> Este estabelecimento n\u00e3o disp\u00f5e de servi\u00e7o de armazenamento de bagagem antes do hor\u00e1rio do check-in ou depois do hor\u00e1rio do check-out.[\/vc_column_text][vc_column_text css=&#8221;.vc_custom_1738257306630{margin-bottom: 0px !important;}&#8221;]<strong>Hor\u00e1rio de sil\u00eancio: <\/strong>Os h\u00f3spedes devem respeitar o descanso dos outros h\u00f3spedes e minimizar o barulho entre \u00e0s 22h00 e \u00e0s 8h00.<\/p>\n<p><strong>N\u00e3o est\u00e1 permitido facilitar o acesso a pessoas que n\u00e3o estejam hospedadas na guesthouse.<\/strong><\/p>\n<p><strong>N\u00e3o est\u00e1 permitido realizar festas ou eventos.<\/strong><\/p>\n<p><strong>N\u00e3o est\u00e1 permitido fumar fora das \u00e1reas habilitadas. <\/strong><\/p>\n<p><strong>N\u00e3o se admiten animais de estima\u00e7\u00e3o. <\/strong>[\/vc_column_text][vc_column_text css=&#8221;.vc_custom_1717070511240{margin-bottom: 0px !important;}&#8221;]<strong>Pequeno almo\u00e7o: <\/strong>Com hora marcada, servido em tr\u00eas turnos. Das 8h30\u00a0 \u00e0s 9h15. Das 9h15 \u00e0s 10h00 e das 10h00 \u00e0s 10h45. O pequeno almo\u00e7o entre \u00e0s 8h00 e \u00e0s 8h30, poder\u00e1 ser entregue para levar sempre que solicitado com 24 horas de anteced\u00eancia.[\/vc_column_text][vc_column_text css=&#8221;.vc_custom_1717070548127{margin-bottom: 0px !important;}&#8221;]<strong>Documentos a apresentar no momento do Check-in:\u00a0 <\/strong>\u00e9 obrigat\u00f3rio a apresenta\u00e7\u00e3o de um documento de identidade original v\u00e1lido com fotografia e a apresenta\u00e7\u00e3o do cart\u00e3o de cr\u00e9dito original com o qual se efetuou o pr\u00e9-pagamento da reserva.[\/vc_column_text][vc_column_text css=&#8221;.vc_custom_1717070581525{margin-bottom: 0px !important;}&#8221;]<strong>Politica de Cancelamento: <\/strong>A reserva poder\u00e1 ser cancelada\/alterada com 14 dias de anteced\u00eancia \u00e0 data de entrada, sem custos adicionais. Qualquer cancelamento ou altera\u00e7\u00e3o ap\u00f3s esse per\u00edodo, implica a cobran\u00e7a do valor total da reserva. Em caso de n\u00e3o compar\u00eancia ou sa\u00edda antecipada, a reserva ser\u00e1 cobrada na sua totalidade. Ser\u00e3o cobrados 30% do valor total da reserva, no momento da confirma\u00e7\u00e3o. O valor restante ser\u00e1 cobrado durante os 14 dias que antecedem a data de entrada ao estabelecimento.[\/vc_column_text][vc_column_text css=&#8221;.vc_custom_1590329223589{margin-bottom: 0px !important;}&#8221;]<strong>N\u00famero de registo de Alojamento Local: 35938\/AL.<\/strong>[\/vc_column_text][vc_column_text css=&#8221;.vc_custom_1590327999277{margin-bottom: 0px !important;}&#8221;][\/vc_column_text][vc_column_text css=&#8221;.vc_custom_1717070574204{margin-bottom: 0px !important;}&#8221;]<strong>Para mais informa\u00e7\u00f5es, por favor consulte os <a href=\"https:\/\/www.ecosoulericeira.com\/pt-pt\/termos-condicoes\/\">Termos &amp; Condi\u00e7\u00f5es.<\/a><\/strong>[\/vc_column_text][\/vc_column_inner][\/vc_row_inner][mk_padding_divider size=&#8221;70&#8243;][\/vc_column][\/vc_row][vc_row fullwidth=&#8221;true&#8221; css=&#8221;.vc_custom_1591788228221{border-top-width: 2px !important;background-image: url(https:\/\/www.ecosoulericeira.com\/wp-content\/uploads\/2018\/03\/footer-background-min-1-1.jpg?id=726) !important;background-position: center !important;background-repeat: no-repeat !important;background-size: cover !important;border-top-color: #c1c1c1 !important;border-top-style: solid !important;}&#8221;][vc_column][mk_padding_divider size=&#8221;80&#8243;][vc_column_text css=&#8221;.vc_custom_1591788052590{margin-bottom: 0px !important;}&#8221;]\n<p style=\"text-align: center;\"><strong><a href=\"\/\">Home<\/a>\u00a0 \u00a0<a href=\"\/quartos\/\">Quartos<\/a>\u00a0 \u00a0<a href=\"\/comodidades\/\">Comodidades<\/a>\u00a0 \u00a0<a href=\"\/pt-pt\/pacotes\/\">Pacotes<\/a>\u00a0 \u00a0<a href=\"\/pt-pt\/galeria\/\">Fotografias<\/a>\u00a0 \u00a0<a href=\"\/pt-pt\/virtualtour\/\">Tour Virtual<\/a>\u00a0 \u00a0<a href=\"\/pt-pt\/sobre-nos\/a-nossa-historia\/\">Hist\u00f3ria<\/a>\u00a0 \u00a0<a href=\"\/pt-pt\/sobre-nos\/sustentabilidade\/\">Sustentabilidade<\/a>\u00a0 \u00a0<a href=\"\/pt-pt\/reviews\/\">Reviews<\/a>\u00a0 \u00a0<a href=\"\/localizacao\/\">Localiza\u00e7\u00e3o<\/a>\u00a0 \u00a0<a href=\"\/pt-pt\/blogue\/\">Blogue<\/a>\u00a0 \u00a0<a href=\"\/contactos\/\">Contactos<\/a><\/strong><\/p>\n[\/vc_column_text][mk_divider style=&#8221;thin_solid&#8221; divider_width=&#8221;custom_width&#8221; custom_width=&#8221;25&#8243; thin_single_color=&#8221;#5b5b5b&#8221; thickness=&#8221;2&#8243; margin_top=&#8221;5&#8243;][vc_custom_heading text=&#8221;Siga-nos:&#8221; font_container=&#8221;tag:h5|font_size:24px|text_align:center|color:%23000000|line_height:34px&#8221; google_fonts=&#8221;font_family:Bitter%3Aregular%2Citalic%2C700|font_style:700%20bold%20regular%3A700%3Anormal&#8221;][vc_row_inner is_fullwidth_content=&#8221;false&#8221;][vc_column_inner][mk_social_networks size=&#8221;large&#8221; style=&#8221;simple-rounded&#8221; margin=&#8221;8&#8243; border_color=&#8221;#000000&#8243; bg_color=&#8221;#ffffff&#8221; bg_hover_color=&#8221;#0096d3&#8243; icon_color=&#8221;#000000&#8243; icon_hover_color=&#8221;#ffffff&#8221; align=&#8221;center&#8221; facebook=&#8221;https:\/\/www.facebook.com\/ecosoulericeira\/&#8221; instagram=&#8221;https:\/\/www.instagram.com\/ecosoulericeira\/&#8221;][\/vc_column_inner][\/vc_row_inner][mk_divider style=&#8221;thin_solid&#8221; divider_width=&#8221;custom_width&#8221; custom_width=&#8221;25&#8243; thin_single_color=&#8221;#5b5b5b&#8221; thickness=&#8221;2&#8243; margin_top=&#8221;5&#8243; margin_bottom=&#8221;30&#8243;][vc_column_text el_class=&#8221;textfooter&#8221; css=&#8221;.vc_custom_1591787939509{margin-bottom: 0px !important;}&#8221;]\n<p style=\"text-align: center;\"><span style=\"color: #000000;\"><a style=\"color: #000000;\" href=\"\/termos-condicoes\/\">Termos &amp; Condi\u00e7\u00f5es<\/a><strong>\u00a0 \u00a0<\/strong><\/span><span style=\"color: #000000;\"><a style=\"color: #000000;\" href=\"\/informacao-essencial\/\">Informa\u00e7\u00e3o Essencial<\/a>\u00a0 \u00a0<a style=\"color: #000000;\" href=\"\/pt-pt\/perguntas-frequentes\/\">Perguntas Frequentes<\/a><\/span><\/p>\n[\/vc_column_text][vc_custom_heading text=&#8221;Registo n\u00ba 35938\/AL&#8221; font_container=&#8221;tag:p|font_size:14px|text_align:center|color:%23000000|line_height:12px&#8221; google_fonts=&#8221;font_family:Source%20Sans%20Pro%3A200%2C200italic%2C300%2C300italic%2Cregular%2Citalic%2C600%2C600italic%2C700%2C700italic%2C900%2C900italic|font_style:400%20regular%3A400%3Anormal&#8221; link=&#8221;|||&#8221;][mk_padding_divider size=&#8221;10&#8243;][vc_row_inner][vc_column_inner width=&#8221;1\/3&#8243;][\/vc_column_inner][vc_column_inner width=&#8221;1\/3&#8243;][vc_raw_html]JTNDZGl2JTIwYWxpZ24lM0QlMjJjZW50ZXIlMjIlMjBpZCUzRCUyMlRBX2V4Y2VsbGVudDg1MiUyMiUyMGNsYXNzJTNEJTIyVEFfZXhjZWxsZW50JTIyJTNFJTNDdWwlMjBpZCUzRCUyMnBNUXVndmslMjIlMjBjbGFzcyUzRCUyMlRBX2xpbmtzJTIwNTU4eHRwdCUyMiUzRSUzQ2xpJTIwaWQlM0QlMjJZUGNpd0psOVBtMzAlMjIlMjBjbGFzcyUzRCUyMkxJSnZBWVJXTSUyMiUzRSUzQ2ElMjB0YXJnZXQlM0QlMjJfYmxhbmslMjIlMjBocmVmJTNEJTIyaHR0cHMlM0ElMkYlMkZ3d3cudHJpcGFkdmlzb3IuY28udWslMkZIb3RlbF9SZXZpZXctZzY1MjA4NC1kMTIyMzAxNDUtUmV2aWV3cy1FY29fU291bF9FcmljZWlyYV9HdWVzdGhvdXNlLUVyaWNlaXJhX01hZnJhX0xpc2Jvbl9EaXN0cmljdF9DZW50cmFsX1BvcnR1Z2FsLmh0bWwlMjIlM0UlM0NpbWclMjBzcmMlM0QlMjJodHRwcyUzQSUyRiUyRnN0YXRpYy50YWNkbi5jb20lMkZpbWcyJTJGYnJhbmRfcmVmcmVzaCUyRlRyaXBhZHZpc29yX2xvY2t1cF9ob3Jpem9udGFsX3NlY29uZGFyeV9yZWdpc3RlcmVkLnN2ZyUyMiUyMGFsdCUzRCUyMlRyaXBBZHZpc29yJTIyJTIwY2xhc3MlM0QlMjJ3aWRFWENJTUclMjIlMjBpZCUzRCUyMkNEU1dJREVYQ0xPR08lMjIlMkYlM0UlM0MlMkZhJTNFJTNDJTJGbGklM0UlM0MlMkZ1bCUzRSUzQyUyRmRpdiUzRSUzQ3NjcmlwdCUyMGFzeW5jJTIwc3JjJTNEJTIyaHR0cHMlM0ElMkYlMkZ3d3cuanNjYWNoZS5jb20lMkZ3ZWpzJTNGd3R5cGUlM0RleGNlbGxlbnQlMjZhbXAlM0J1bmlxJTNEODUyJTI2YW1wJTNCbG9jYXRpb25JZCUzRDEyMjMwMTQ1JTI2YW1wJTNCbGFuZyUzRGVuX1VLJTI2YW1wJTNCZGlzcGxheV92ZXJzaW9uJTNEMiUyMiUyMGRhdGEtbG9hZHRyayUyMG9ubG9hZCUzRCUyMnRoaXMubG9hZHRyayUzRHRydWUlMjIlM0UlM0MlMkZzY3JpcHQlM0U=[\/vc_raw_html][\/vc_column_inner][vc_column_inner width=&#8221;1\/3&#8243;][\/vc_column_inner][\/vc_row_inner][mk_padding_divider size=&#8221;10&#8243;][vc_custom_heading text=&#8221;Web Design &amp; Digital Marketing by: Revenize&#8221; font_container=&#8221;tag:p|font_size:12px|text_align:center|color:%23444444|line_height:18px&#8221; google_fonts=&#8221;font_family:Source%20Sans%20Pro%3A200%2C200italic%2C300%2C300italic%2Cregular%2Citalic%2C600%2C600italic%2C700%2C700italic%2C900%2C900italic|font_style:400%20regular%3A400%3Anormal&#8221; link=&#8221;url:http%3A%2F%2Fwww.revenize.pt%2F||target:%20_blank|&#8221;][mk_padding_divider size=&#8221;5&#8243;][\/vc_column][\/vc_row]\n<\/div>","protected":false},"excerpt":{"rendered":"<p>[vc_row fullwidth=&#8221;true&#8221; css=&#8221;.vc_custom_1522255907221{background-image: url(https:\/\/www.ecosoulericeira.com\/wp-content\/uploads\/2018\/03\/topo-galeria-min.jpg?id=845) !important;background-position: center !important;background-repeat: no-repeat !important;background-size: cover !important;}&#8221;][vc_column][mk_padding_divider size=&#8221;380&#8243;][\/vc_column][\/vc_row][vc_row][vc_column][mk_padding_divider size=&#8221;60&#8243;][\/vc_column][\/vc_row][vc_row fullwidth=&#8221;true&#8221; fullwidth_content=&#8221;false&#8221;][vc_column][mk_padding_divider size=&#8221;25&#8243;][vc_column_text css=&#8221;.vc_custom_1595155525955{margin-bottom: 0px !important;}&#8221;] Informa\u00e7\u00e3o Essencial [\/vc_column_text][vc_row_inner][vc_column_inner width=&#8221;1\/6&#8243;][\/vc_column_inner][vc_column_inner width=&#8221;2\/3&#8243;][vc_column_text css=&#8221;.vc_custom_1590327448249{margin-bottom: 0px !important;}&#8221;] Alojamento para adultos. [\/vc_column_text][\/vc_column_inner][vc_column_inner width=&#8221;1\/6&#8243;][\/vc_column_inner][\/vc_row_inner][mk_padding_divider size=&#8221;70&#8243;][vc_row_inner][vc_column_inner][vc_column_text css=&#8221;.vc_custom_1717070616943{margin-bottom: 0px !important;}&#8221;]Pol\u00edtica de idade e camas extras: A idade minima para fazer o check-in \u00e9 18 anos. Os quartos admitem o [&hellip;]<\/p>\n","protected":false},"author":1,"featured_media":0,"parent":0,"menu_order":0,"comment_status":"closed","ping_status":"closed","template":"","meta":{"footnotes":""},"class_list":["post-919","page","type-page","status-publish","hentry"],"yoast_head":"<!-- This site is optimized with the Yoast SEO plugin v26.9 - https:\/\/yoast.com\/product\/yoast-seo-wordpress\/ -->\n<title>Informa\u00e7\u00e3o Essencial - Alojamento para adultos - Eco Soul Ericeira<\/title>\n<meta name=\"description\" content=\"Desfrute de uma estadia tranquila na Eco Soul Ericeira Guesthouse.Alojamento para adultos. Crian\u00e7as a partir de 12 anos. Lea a Informa\u00e7\u00e3o essencial.\" \/>\n<meta name=\"robots\" content=\"index, follow, max-snippet:-1, max-image-preview:large, max-video-preview:-1\" \/>\n<link rel=\"canonical\" href=\"https:\/\/www.ecosoulericeira.com\/pt-pt\/informacao-essencial\/\" \/>\n<meta property=\"og:locale\" content=\"pt_PT\" \/>\n<meta property=\"og:type\" content=\"article\" \/>\n<meta property=\"og:title\" content=\"Informa\u00e7\u00e3o Essencial - Alojamento para adultos - Eco Soul Ericeira\" \/>\n<meta property=\"og:description\" content=\"Desfrute de uma estadia tranquila na Eco Soul Ericeira Guesthouse.Alojamento para adultos. Crian\u00e7as a partir de 12 anos. Lea a Informa\u00e7\u00e3o essencial.\" \/>\n<meta property=\"og:url\" content=\"https:\/\/www.ecosoulericeira.com\/pt-pt\/informacao-essencial\/\" \/>\n<meta property=\"og:site_name\" content=\"Eco Soul Ericeira\" \/>\n<meta property=\"article:modified_time\" content=\"2025-01-30T17:16:30+00:00\" \/>\n<meta name=\"twitter:card\" content=\"summary_large_image\" \/>\n<meta name=\"twitter:label1\" content=\"Tempo estimado de leitura\" \/>\n\t<meta name=\"twitter:data1\" content=\"4 minutos\" \/>\n<script type=\"application\/ld+json\" class=\"yoast-schema-graph\">{\"@context\":\"https:\/\/schema.org\",\"@graph\":[{\"@type\":\"WebPage\",\"@id\":\"https:\/\/www.ecosoulericeira.com\/pt-pt\/informacao-essencial\/\",\"url\":\"https:\/\/www.ecosoulericeira.com\/pt-pt\/informacao-essencial\/\",\"name\":\"Informa\u00e7\u00e3o Essencial - Alojamento para adultos - Eco Soul Ericeira\",\"isPartOf\":{\"@id\":\"https:\/\/www.ecosoulericeira.com\/es\/#website\"},\"datePublished\":\"2018-04-03T17:49:16+00:00\",\"dateModified\":\"2025-01-30T17:16:30+00:00\",\"description\":\"Desfrute de uma estadia tranquila na Eco Soul Ericeira Guesthouse.Alojamento para adultos. Crian\u00e7as a partir de 12 anos. Lea a Informa\u00e7\u00e3o essencial.\",\"breadcrumb\":{\"@id\":\"https:\/\/www.ecosoulericeira.com\/pt-pt\/informacao-essencial\/#breadcrumb\"},\"inLanguage\":\"pt-PT\",\"potentialAction\":[{\"@type\":\"ReadAction\",\"target\":[\"https:\/\/www.ecosoulericeira.com\/pt-pt\/informacao-essencial\/\"]}]},{\"@type\":\"BreadcrumbList\",\"@id\":\"https:\/\/www.ecosoulericeira.com\/pt-pt\/informacao-essencial\/#breadcrumb\",\"itemListElement\":[{\"@type\":\"ListItem\",\"position\":1,\"name\":\"In\u00edcio\",\"item\":\"https:\/\/www.ecosoulericeira.com\/pt-pt\/\"},{\"@type\":\"ListItem\",\"position\":2,\"name\":\"Informa\u00e7\u00e3o Essencial\"}]},{\"@type\":\"WebSite\",\"@id\":\"https:\/\/www.ecosoulericeira.com\/es\/#website\",\"url\":\"https:\/\/www.ecosoulericeira.com\/es\/\",\"name\":\"Eco Soul Ericeira\",\"description\":\"Ecological &amp; Charming Guesthouse\",\"potentialAction\":[{\"@type\":\"SearchAction\",\"target\":{\"@type\":\"EntryPoint\",\"urlTemplate\":\"https:\/\/www.ecosoulericeira.com\/es\/?s={search_term_string}\"},\"query-input\":{\"@type\":\"PropertyValueSpecification\",\"valueRequired\":true,\"valueName\":\"search_term_string\"}}],\"inLanguage\":\"pt-PT\"}]}<\/script>\n<!-- \/ Yoast SEO plugin. -->","yoast_head_json":{"title":"Informa\u00e7\u00e3o Essencial - Alojamento para adultos - Eco Soul Ericeira","description":"Desfrute de uma estadia tranquila na Eco Soul Ericeira Guesthouse.Alojamento para adultos. Crian\u00e7as a partir de 12 anos. Lea a Informa\u00e7\u00e3o essencial.","robots":{"index":"index","follow":"follow","max-snippet":"max-snippet:-1","max-image-preview":"max-image-preview:large","max-video-preview":"max-video-preview:-1"},"canonical":"https:\/\/www.ecosoulericeira.com\/pt-pt\/informacao-essencial\/","og_locale":"pt_PT","og_type":"article","og_title":"Informa\u00e7\u00e3o Essencial - Alojamento para adultos - Eco Soul Ericeira","og_description":"Desfrute de uma estadia tranquila na Eco Soul Ericeira Guesthouse.Alojamento para adultos. Crian\u00e7as a partir de 12 anos. Lea a Informa\u00e7\u00e3o essencial.","og_url":"https:\/\/www.ecosoulericeira.com\/pt-pt\/informacao-essencial\/","og_site_name":"Eco Soul Ericeira","article_modified_time":"2025-01-30T17:16:30+00:00","twitter_card":"summary_large_image","twitter_misc":{"Tempo estimado de leitura":"4 minutos"},"schema":{"@context":"https:\/\/schema.org","@graph":[{"@type":"WebPage","@id":"https:\/\/www.ecosoulericeira.com\/pt-pt\/informacao-essencial\/","url":"https:\/\/www.ecosoulericeira.com\/pt-pt\/informacao-essencial\/","name":"Informa\u00e7\u00e3o Essencial - Alojamento para adultos - Eco Soul Ericeira","isPartOf":{"@id":"https:\/\/www.ecosoulericeira.com\/es\/#website"},"datePublished":"2018-04-03T17:49:16+00:00","dateModified":"2025-01-30T17:16:30+00:00","description":"Desfrute de uma estadia tranquila na Eco Soul Ericeira Guesthouse.Alojamento para adultos. Crian\u00e7as a partir de 12 anos. Lea a Informa\u00e7\u00e3o essencial.","breadcrumb":{"@id":"https:\/\/www.ecosoulericeira.com\/pt-pt\/informacao-essencial\/#breadcrumb"},"inLanguage":"pt-PT","potentialAction":[{"@type":"ReadAction","target":["https:\/\/www.ecosoulericeira.com\/pt-pt\/informacao-essencial\/"]}]},{"@type":"BreadcrumbList","@id":"https:\/\/www.ecosoulericeira.com\/pt-pt\/informacao-essencial\/#breadcrumb","itemListElement":[{"@type":"ListItem","position":1,"name":"In\u00edcio","item":"https:\/\/www.ecosoulericeira.com\/pt-pt\/"},{"@type":"ListItem","position":2,"name":"Informa\u00e7\u00e3o Essencial"}]},{"@type":"WebSite","@id":"https:\/\/www.ecosoulericeira.com\/es\/#website","url":"https:\/\/www.ecosoulericeira.com\/es\/","name":"Eco Soul Ericeira","description":"Ecological &amp; Charming Guesthouse","potentialAction":[{"@type":"SearchAction","target":{"@type":"EntryPoint","urlTemplate":"https:\/\/www.ecosoulericeira.com\/es\/?s={search_term_string}"},"query-input":{"@type":"PropertyValueSpecification","valueRequired":true,"valueName":"search_term_string"}}],"inLanguage":"pt-PT"}]}},"_links":{"self":[{"href":"https:\/\/www.ecosoulericeira.com\/pt-pt\/wp-json\/wp\/v2\/pages\/919","targetHints":{"allow":["GET"]}}],"collection":[{"href":"https:\/\/www.ecosoulericeira.com\/pt-pt\/wp-json\/wp\/v2\/pages"}],"about":[{"href":"https:\/\/www.ecosoulericeira.com\/pt-pt\/wp-json\/wp\/v2\/types\/page"}],"author":[{"embeddable":true,"href":"https:\/\/www.ecosoulericeira.com\/pt-pt\/wp-json\/wp\/v2\/users\/1"}],"replies":[{"embeddable":true,"href":"https:\/\/www.ecosoulericeira.com\/pt-pt\/wp-json\/wp\/v2\/comments?post=919"}],"version-history":[{"count":16,"href":"https:\/\/www.ecosoulericeira.com\/pt-pt\/wp-json\/wp\/v2\/pages\/919\/revisions"}],"predecessor-version":[{"id":3550,"href":"https:\/\/www.ecosoulericeira.com\/pt-pt\/wp-json\/wp\/v2\/pages\/919\/revisions\/3550"}],"wp:attachment":[{"href":"https:\/\/www.ecosoulericeira.com\/pt-pt\/wp-json\/wp\/v2\/media?parent=919"}],"curies":[{"name":"wp","href":"https:\/\/api.w.org\/{rel}","templated":true}]}}