{"id":347,"date":"2018-02-23T14:59:36","date_gmt":"2018-02-23T14:59:36","guid":{"rendered":"http:\/\/www.ecosoulericeira.com\/?page_id=347"},"modified":"2022-04-03T12:33:59","modified_gmt":"2022-04-03T12:33:59","slug":"termos-condicoes","status":"publish","type":"page","link":"https:\/\/www.ecosoulericeira.com\/pt-pt\/termos-condicoes\/","title":{"rendered":"Termos &#038; Condi\u00e7\u00f5es"},"content":{"rendered":"<div class=\"wpb-content-wrapper\">[vc_row fullwidth=&#8221;true&#8221; css=&#8221;.vc_custom_1522255907221{background-image: url(https:\/\/www.ecosoulericeira.com\/wp-content\/uploads\/2018\/03\/topo-galeria-min.jpg?id=845) !important;background-position: center !important;background-repeat: no-repeat !important;background-size: cover !important;}&#8221;][vc_column][mk_padding_divider size=&#8221;380&#8243;][\/vc_column][\/vc_row][vc_row][vc_column][mk_padding_divider size=&#8221;60&#8243;][\/vc_column][\/vc_row][vc_row fullwidth=&#8221;true&#8221; fullwidth_content=&#8221;false&#8221;][vc_column][mk_padding_divider size=&#8221;25&#8243;][vc_column_text css=&#8221;.vc_custom_1595157413564{margin-bottom: 0px !important;}&#8221;]\n<h1 style=\"text-align: center;\">Termos &amp; Condi\u00e7\u00f5es<\/h1>\n[\/vc_column_text][mk_padding_divider size=&#8221;70&#8243;][vc_row_inner][vc_column_inner][vc_column_text css=&#8221;.vc_custom_1648988943464{margin-bottom: 0px !important;}&#8221;]\n<h5>1.HOR\u00c1RIOS<\/h5>\n<p>O hor\u00e1rio do check-in \u00e9 das 15h \u00e0s 19h. O hor\u00e1rio do check-out \u00e9 at\u00e9 \u00e0s 11h. Check-in e check-out antecipado ou tardio est\u00e3o sujeitos a disponibilidade e podem ter um custo adicional.\u00a0 As solicita\u00e7\u00f5es dever\u00e3o ser enviadas a <a href=\"mailto:theecosoul@gmail.com\">info@<\/a>ecosoulericeira.com e somente ser\u00e3o efetivas mediante autoriza\u00e7\u00e3o da Administra\u00e7\u00e3o.[\/vc_column_text][vc_column_text css=&#8221;.vc_custom_1522776022887{margin-bottom: 0px !important;}&#8221;]\n<h5>2.IDENTIFICA\u00c7\u00c3O DOS H\u00d3SPEDES<\/h5>\n<p>No momento do check-in \u00e9 obrigat\u00f3rio a apresenta\u00e7\u00e3o de um documento de identidade original v\u00e1lido com fotografia e a apresenta\u00e7\u00e3o do cart\u00e3o de credito original com o que se efetuou o pr\u00e9-pagamento da reserva. Em caso de n\u00e3o apresentar quaisquer dos documentos aqui informados, a Administra\u00e7\u00e3o reserva-se o direito de vedar o acesso \u00e0 hospedagem de forma justificada. [\/vc_column_text][vc_column_text css=&#8221;.vc_custom_1648988970748{margin-bottom: 0px !important;}&#8221;]\n<h5>3.FORMAS DE PAGAMENTO E POLITICA DE CANCELAMENTO<\/h5>\n<p>A reserva poder\u00e1 ser cancelada\/alterada com at\u00e9 14 dias de anteced\u00eancia \u00e0 data de entrada, sem custos adicionais.\u00a0 Qualquer cancelamento ou altera\u00e7\u00e3o ap\u00f3s esse per\u00edodo, implica a cobran\u00e7a do valor total da reserva. Em caso de n\u00e3o compar\u00eancia ou sa\u00edda antecipada, a reserva ser\u00e1 cobrada na sua totalidade.\u00a0 Ser\u00e3o cobrados 30% do valor total da reserva, no momento da confirma\u00e7\u00e3o. O valor restante ser\u00e1 cobrado durante os 14 dias que antecedem a data de entrada no estabelecimento. Reservas realizadas dentro dos 14 dias que antecedem a entrada no alojamento ser\u00e3o cobradas na sua totalidade, no momento da confirma\u00e7\u00e3o. Caso n\u00e3o seja poss\u00edvel realizar qualquer cobran\u00e7a programada de acordo com as condi\u00e7\u00f5es de reserva aceites, a mesma poder\u00e1 ser cancelada. As reservas poder\u00e3o ser pagas mediante numer\u00e1rio, transfer\u00eancia bancaria ou cart\u00e3o de credito\/d\u00e9bito. S\u00e3o aceites os cart\u00f5es multibanco VISA e Mastercard.[\/vc_column_text][vc_column_text css=&#8221;.vc_custom_1522776095811{margin-bottom: 0px !important;}&#8221;]\n<h5>4.POL\u00cdTICA DE IDADE E CAMAS EXTRAS<\/h5>\n<p>Alojamento para adultos. Crian\u00e7as a partir dos 12 anos poder\u00e3o alojar-se em companhia dos pais ou respons\u00e1vel legal. Os quartos admitem o m\u00e1ximo de duas pessoas. N\u00e3o est\u00e1 permitido hospedar pessoas al\u00e9m do n\u00famero estabelecido por cada quarto.[\/vc_column_text][vc_column_text css=&#8221;.vc_custom_1648988997786{margin-bottom: 0px !important;}&#8221;]\n<h5>5.PEQUENO-ALMO\u00c7O<\/h5>\n<p>Com hora marcada, servido em tr\u00eas turnos. Das 8:30h \u00e0s 9:15h, das 9:15h \u00e0s 10h e das 10h \u00e0s 10:45h. O pequeno-almo\u00e7o faz-se ao momento e de maneira personalizada. Desta forma, faz-se necess\u00e1rio que o hospede indique o hor\u00e1rio da sua prefer\u00eancia a cada dia da sua estadia, de acordo a disponibilidade de hor\u00e1rios. O pequeno almo\u00e7o entre \u00e0s 8h e \u00e0s 8:30h, poder\u00e1 ser servido para levar sempre que solicitado com 24 horas de anteced\u00eancia.[\/vc_column_text][vc_column_text css=&#8221;.vc_custom_1648989032593{margin-bottom: 0px !important;}&#8221;]\n<h5>6.ROUPA DE CAMA, TOALHAS DE BANHO E DE PRAIA<\/h5>\n<p>Colocamos a disposi\u00e7\u00e3o dos h\u00f3spedes roupa de cama e banho de alta qualidade, 100% algod\u00e3o. Devido a nossa consci\u00eancia ecol\u00f3gica, as toalhas de banho s\u00e3o trocadas a cada tr\u00eas dias. Se desejar substituir a toalha antes deste tempo, deite-a no ch\u00e3o. As toalhas de banho n\u00e3o podem ser usadas fora da Guesthouse. Toalhas de praia est\u00e3o a disposi\u00e7\u00e3o mediante pagamento de um dep\u00f3sito e taxa extra.[\/vc_column_text][vc_column_text css=&#8221;.vc_custom_1648989050865{margin-bottom: 0px !important;}&#8221;]\n<h5>7.SERVI\u00c7O DE LIMPEZA<\/h5>\n<p>O servi\u00e7o de limpeza \u00e9 di\u00e1rio, das 8:30h \u00e0s 11:00h.[\/vc_column_text][vc_column_text css=&#8221;.vc_custom_1648989076190{margin-bottom: 0px !important;}&#8221;]\n<h5>8.DEVERES DOS H\u00d3SPEDES<\/h5>\n<p>Cumprir com a normativa do estabelecimento. Respeitar os hor\u00e1rios dos servi\u00e7os prestados pela Guesthouse: check-in, check-out, pequeno-almo\u00e7o e limpeza dos quartos.\u00a0\u00a0 Respeitar os hor\u00e1rios de silencio da Guesthouse. entre \u00e0s 22h e \u00e0s 8h. Cuidar e respeitar os bens da Guesthouse que s\u00e3o colocados \u00e0 disposi\u00e7\u00e3o do hospede. Respeitar o pessoal de servi\u00e7o e seu hor\u00e1rio de trabalho. Comunicar-se com a equipa de gest\u00e3o sempre que encontre qualquer irregularidade no servi\u00e7o contratado.[\/vc_column_text][vc_column_text css=&#8221;.vc_custom_1648989095295{margin-bottom: 0px !important;}&#8221;]\n<h5>9.NORMAS GERAIS<\/h5>\n<p>A cozinha e a \u00e1rea de churrasco s\u00e3o para uso exclusivo do pessoal de servi\u00e7o, a exce\u00e7\u00e3o de eventos previamente contratados. Os equipamentos de som, tem o seu uso restringido ao quarto de cada h\u00f3spede. Nunca dever\u00e3o ser utilizados em zonas comuns. O volume dos mesmos n\u00e3o deve incomodar aos outros hospedes. Toalhas, cobertores e almofadas s\u00e3o para uso pessoal, dentro do seu quarto. \u00c9 proibido tir\u00e1-los do quarto para outro fim. Os quartos, \u00e1reas comuns e equipamentos da Guesthouse, s\u00e3o para uso exclusivo dos h\u00f3spedes. N\u00e3o ser\u00e1 permitido a entrada de visitantes que n\u00e3o estejam hospedados na Guesthouse. Qualquer pessoa que aceda a Guesthouse dever\u00e1 ser identificada dentro do hor\u00e1rio de check-in. Depois deste hor\u00e1rio n\u00e3o est\u00e1 permitido o acesso ao interior das instala\u00e7\u00f5es, de qualquer pessoa n\u00e3o registada. O uso das zonas comuns para a lavagem e secagem de roupas n\u00e3o est\u00e1 permitido assim como n\u00e3o est\u00e1 permitido estender roupas ou toalhas nas janelas e varandas. Fumar est\u00e1 estritamente proibido no interior da Guesthouse. Para tal fim, utilize a zona de fumadores localizada no terra\u00e7o comum ao final do jardim. Cozinhar nos quartos est\u00e1 estritamente proibido. A desobedi\u00eancia \u00e0 proibi\u00e7\u00e3o de fumar no interior da Guesthouse ou cozinhar nos quartos, ser\u00e1 penalizada com uma sobretaxa, correspondendo ao valor de uma di\u00e1ria, que ser\u00e1 utilizada para a limpeza e elimina\u00e7\u00e3o dos odores deixados. O uso de dispositivos que funcionam com resist\u00eancia de calor est\u00e1 estritamente proibido, pois podem causar danos irrepar\u00e1veis no quarto. Qualquer dano causado pelos h\u00f3spedes aos objetos, mobili\u00e1rio ou propriedade pertencente \u00e0 Guesthouse, ser\u00e1 da responsabilidade exclusiva do h\u00f3spede. A repara\u00e7\u00e3o dos bens dever\u00e1 ser paga em dinheiro e no ato, ao pre\u00e7o de mercado vigente. N\u00e3o s\u00e3o admitidos animais de estima\u00e7\u00e3o.[\/vc_column_text][vc_column_text css=&#8221;.vc_custom_1522776357727{margin-bottom: 0px !important;}&#8221;]\n<h5>10.INFORMA\u00c7OES E RESPONSABILIDADES<\/h5>\n<p>\u00c9 de exclusiva responsabilidade do h\u00f3spede: O cuidado e salvaguarda de objetos ou documentos pessoais como passaportes, cart\u00f5es de credito, joias, aparelhos eletr\u00f4nicos, malas ou carteiras. Certificar-se de fechar portas e janelas ao abandonar o seu quarto, assim como as portas de acesso ao interior do Edif\u00edcio, na sua entrada ou sa\u00edda do mesmo. A vigil\u00e2ncia do seu ve\u00edculo estacionado na via p\u00fablica. A Administra\u00e7\u00e3o declina qualquer responsabilidade pela perda de dinheiro, documentos ou outros valores. A Administra\u00e7\u00e3o n\u00e3o se responsabiliza por danos ou furtos de ve\u00edculos estacionados na via p\u00fablica, ou por danos causados por fen\u00f4menos naturais, por causa de enchentes ou inc\u00eandios ou por atos de vandalismo praticados por terceiros.[\/vc_column_text][vc_column_text css=&#8221;.vc_custom_1523288797699{margin-bottom: 0px !important;}&#8221;]\n<h5>11.N\u00c3O EST\u00c1 PERMITIDO<\/h5>\n<p>O porte ou uso de qualquer tipo de substancia legalmente proibida. O porte ou uso de armas. O uso da viol\u00eancia, seja em atos ou palavras. A descrimina\u00e7\u00e3o de g\u00eanero, ra\u00e7a, cor ou situa\u00e7\u00e3o social. A introdu\u00e7\u00e3o de pessoas n\u00e3o registradas na recep\u00e7\u00e3o. Ceder o quarto a outras pessoas sem o pr\u00e9vio consentimento da Administra\u00e7\u00e3o. Fumar ou cozinhar em zonas n\u00e3o destinadas para tal fim. A entrada de animais de estima\u00e7\u00e3o.[\/vc_column_text][vc_column_text css=&#8221;.vc_custom_1648989137477{margin-bottom: 0px !important;}&#8221;]\n<h5>12.A TER EM CONTA<\/h5>\n<p>A Administra\u00e7\u00e3o reserva-se o direito de cancelar unilateralmente a estadia e solicitar a desocupa\u00e7\u00e3o do quarto quando verificado o uso por pessoas embriagadas, sob efeitos de drogas ou praticando atividades potencialmente ilegais, assim como comportamentos violentos ou desrespeitosos em gestos ou palavras de qualquer classe. A Administra\u00e7\u00e3o reserva-se o direito de vedar o acesso e a hospedagem a quem proceder de maneira inadequada ou contrarias aos Termos &amp; Condi\u00e7\u00f5es estabelecidos neste documento. Para quaisquer informa\u00e7\u00f5es adicionais estamos a sua disposi\u00e7\u00e3o atrav\u00e9s do telefone +351 934984922 ou +351 934984912, no hor\u00e1rio das 11h \u00e0s 19h.[\/vc_column_text][\/vc_column_inner][\/vc_row_inner][mk_padding_divider size=&#8221;70&#8243;][\/vc_column][\/vc_row][vc_row fullwidth=&#8221;true&#8221; css=&#8221;.vc_custom_1591788228221{border-top-width: 2px !important;background-image: url(https:\/\/www.ecosoulericeira.com\/wp-content\/uploads\/2018\/03\/footer-background-min-1-1.jpg?id=726) !important;background-position: center !important;background-repeat: no-repeat !important;background-size: cover !important;border-top-color: #c1c1c1 !important;border-top-style: solid !important;}&#8221;][vc_column][mk_padding_divider size=&#8221;80&#8243;][vc_column_text css=&#8221;.vc_custom_1591788052590{margin-bottom: 0px !important;}&#8221;]\n<p style=\"text-align: center;\"><strong><a href=\"\/\">Home<\/a>\u00a0 \u00a0<a href=\"\/quartos\/\">Quartos<\/a>\u00a0 \u00a0<a href=\"\/comodidades\/\">Comodidades<\/a>\u00a0 \u00a0<a href=\"\/pt-pt\/pacotes\/\">Pacotes<\/a>\u00a0 \u00a0<a href=\"\/pt-pt\/galeria\/\">Fotografias<\/a>\u00a0 \u00a0<a href=\"\/pt-pt\/virtualtour\/\">Tour Virtual<\/a>\u00a0 \u00a0<a href=\"\/pt-pt\/sobre-nos\/a-nossa-historia\/\">Hist\u00f3ria<\/a>\u00a0 \u00a0<a href=\"\/pt-pt\/sobre-nos\/sustentabilidade\/\">Sustentabilidade<\/a>\u00a0 \u00a0<a href=\"\/pt-pt\/reviews\/\">Reviews<\/a>\u00a0 \u00a0<a href=\"\/localizacao\/\">Localiza\u00e7\u00e3o<\/a>\u00a0 \u00a0<a href=\"\/pt-pt\/blogue\/\">Blogue<\/a>\u00a0 \u00a0<a href=\"\/contactos\/\">Contactos<\/a><\/strong><\/p>\n[\/vc_column_text][mk_divider style=&#8221;thin_solid&#8221; divider_width=&#8221;custom_width&#8221; custom_width=&#8221;25&#8243; thin_single_color=&#8221;#5b5b5b&#8221; thickness=&#8221;2&#8243; margin_top=&#8221;5&#8243;][vc_custom_heading text=&#8221;Siga-nos:&#8221; font_container=&#8221;tag:h5|font_size:24px|text_align:center|color:%23000000|line_height:34px&#8221; google_fonts=&#8221;font_family:Bitter%3Aregular%2Citalic%2C700|font_style:700%20bold%20regular%3A700%3Anormal&#8221;][vc_row_inner is_fullwidth_content=&#8221;false&#8221;][vc_column_inner][mk_social_networks size=&#8221;large&#8221; style=&#8221;simple-rounded&#8221; margin=&#8221;8&#8243; border_color=&#8221;#000000&#8243; bg_color=&#8221;#ffffff&#8221; bg_hover_color=&#8221;#0096d3&#8243; icon_color=&#8221;#000000&#8243; icon_hover_color=&#8221;#ffffff&#8221; align=&#8221;center&#8221; facebook=&#8221;https:\/\/www.facebook.com\/ecosoulericeira\/&#8221; instagram=&#8221;https:\/\/www.instagram.com\/ecosoulericeira\/&#8221;][\/vc_column_inner][\/vc_row_inner][mk_divider style=&#8221;thin_solid&#8221; divider_width=&#8221;custom_width&#8221; custom_width=&#8221;25&#8243; thin_single_color=&#8221;#5b5b5b&#8221; thickness=&#8221;2&#8243; margin_top=&#8221;5&#8243; margin_bottom=&#8221;30&#8243;][vc_column_text el_class=&#8221;textfooter&#8221; css=&#8221;.vc_custom_1591787939509{margin-bottom: 0px !important;}&#8221;]\n<p style=\"text-align: center;\"><span style=\"color: #000000;\"><a style=\"color: #000000;\" href=\"\/termos-condicoes\/\">Termos &amp; Condi\u00e7\u00f5es<\/a><strong>\u00a0 \u00a0<\/strong><\/span><span style=\"color: #000000;\"><a style=\"color: #000000;\" href=\"\/informacao-essencial\/\">Informa\u00e7\u00e3o Essencial<\/a>\u00a0 \u00a0<a style=\"color: #000000;\" href=\"\/pt-pt\/perguntas-frequentes\/\">Perguntas Frequentes<\/a><\/span><\/p>\n[\/vc_column_text][vc_custom_heading text=&#8221;Registo n\u00ba 35938\/AL&#8221; font_container=&#8221;tag:p|font_size:14px|text_align:center|color:%23000000|line_height:12px&#8221; google_fonts=&#8221;font_family:Source%20Sans%20Pro%3A200%2C200italic%2C300%2C300italic%2Cregular%2Citalic%2C600%2C600italic%2C700%2C700italic%2C900%2C900italic|font_style:400%20regular%3A400%3Anormal&#8221; link=&#8221;|||&#8221;][mk_padding_divider size=&#8221;10&#8243;][vc_row_inner][vc_column_inner width=&#8221;1\/3&#8243;][\/vc_column_inner][vc_column_inner width=&#8221;1\/3&#8243;][vc_raw_html]JTNDZGl2JTIwYWxpZ24lM0QlMjJjZW50ZXIlMjIlMjBpZCUzRCUyMlRBX2V4Y2VsbGVudDg1MiUyMiUyMGNsYXNzJTNEJTIyVEFfZXhjZWxsZW50JTIyJTNFJTNDdWwlMjBpZCUzRCUyMnBNUXVndmslMjIlMjBjbGFzcyUzRCUyMlRBX2xpbmtzJTIwNTU4eHRwdCUyMiUzRSUzQ2xpJTIwaWQlM0QlMjJZUGNpd0psOVBtMzAlMjIlMjBjbGFzcyUzRCUyMkxJSnZBWVJXTSUyMiUzRSUzQ2ElMjB0YXJnZXQlM0QlMjJfYmxhbmslMjIlMjBocmVmJTNEJTIyaHR0cHMlM0ElMkYlMkZ3d3cudHJpcGFkdmlzb3IuY28udWslMkZIb3RlbF9SZXZpZXctZzY1MjA4NC1kMTIyMzAxNDUtUmV2aWV3cy1FY29fU291bF9FcmljZWlyYV9HdWVzdGhvdXNlLUVyaWNlaXJhX01hZnJhX0xpc2Jvbl9EaXN0cmljdF9DZW50cmFsX1BvcnR1Z2FsLmh0bWwlMjIlM0UlM0NpbWclMjBzcmMlM0QlMjJodHRwcyUzQSUyRiUyRnN0YXRpYy50YWNkbi5jb20lMkZpbWcyJTJGYnJhbmRfcmVmcmVzaCUyRlRyaXBhZHZpc29yX2xvY2t1cF9ob3Jpem9udGFsX3NlY29uZGFyeV9yZWdpc3RlcmVkLnN2ZyUyMiUyMGFsdCUzRCUyMlRyaXBBZHZpc29yJTIyJTIwY2xhc3MlM0QlMjJ3aWRFWENJTUclMjIlMjBpZCUzRCUyMkNEU1dJREVYQ0xPR08lMjIlMkYlM0UlM0MlMkZhJTNFJTNDJTJGbGklM0UlM0MlMkZ1bCUzRSUzQyUyRmRpdiUzRSUzQ3NjcmlwdCUyMGFzeW5jJTIwc3JjJTNEJTIyaHR0cHMlM0ElMkYlMkZ3d3cuanNjYWNoZS5jb20lMkZ3ZWpzJTNGd3R5cGUlM0RleGNlbGxlbnQlMjZhbXAlM0J1bmlxJTNEODUyJTI2YW1wJTNCbG9jYXRpb25JZCUzRDEyMjMwMTQ1JTI2YW1wJTNCbGFuZyUzRGVuX1VLJTI2YW1wJTNCZGlzcGxheV92ZXJzaW9uJTNEMiUyMiUyMGRhdGEtbG9hZHRyayUyMG9ubG9hZCUzRCUyMnRoaXMubG9hZHRyayUzRHRydWUlMjIlM0UlM0MlMkZzY3JpcHQlM0U=[\/vc_raw_html][\/vc_column_inner][vc_column_inner width=&#8221;1\/3&#8243;][\/vc_column_inner][\/vc_row_inner][mk_padding_divider size=&#8221;10&#8243;][vc_custom_heading text=&#8221;Web Design &amp; Digital Marketing by: Revenize&#8221; font_container=&#8221;tag:p|font_size:12px|text_align:center|color:%23444444|line_height:18px&#8221; google_fonts=&#8221;font_family:Source%20Sans%20Pro%3A200%2C200italic%2C300%2C300italic%2Cregular%2Citalic%2C600%2C600italic%2C700%2C700italic%2C900%2C900italic|font_style:400%20regular%3A400%3Anormal&#8221; link=&#8221;url:http%3A%2F%2Fwww.revenize.pt%2F||target:%20_blank|&#8221;][mk_padding_divider size=&#8221;5&#8243;][\/vc_column][\/vc_row]\n<\/div>","protected":false},"excerpt":{"rendered":"<p>[vc_row fullwidth=&#8221;true&#8221; css=&#8221;.vc_custom_1522255907221{background-image: url(https:\/\/www.ecosoulericeira.com\/wp-content\/uploads\/2018\/03\/topo-galeria-min.jpg?id=845) !important;background-position: center !important;background-repeat: no-repeat !important;background-size: cover !important;}&#8221;][vc_column][mk_padding_divider size=&#8221;380&#8243;][\/vc_column][\/vc_row][vc_row][vc_column][mk_padding_divider size=&#8221;60&#8243;][\/vc_column][\/vc_row][vc_row fullwidth=&#8221;true&#8221; fullwidth_content=&#8221;false&#8221;][vc_column][mk_padding_divider size=&#8221;25&#8243;][vc_column_text css=&#8221;.vc_custom_1595157413564{margin-bottom: 0px !important;}&#8221;] Termos &amp; Condi\u00e7\u00f5es [\/vc_column_text][mk_padding_divider size=&#8221;70&#8243;][vc_row_inner][vc_column_inner][vc_column_text css=&#8221;.vc_custom_1648988943464{margin-bottom: 0px !important;}&#8221;] 1.HOR\u00c1RIOS O hor\u00e1rio do check-in \u00e9 das 15h \u00e0s 19h. O hor\u00e1rio do check-out \u00e9 at\u00e9 \u00e0s 11h. Check-in e check-out antecipado ou tardio est\u00e3o sujeitos a disponibilidade [&hellip;]<\/p>\n","protected":false},"author":1,"featured_media":0,"parent":0,"menu_order":0,"comment_status":"closed","ping_status":"closed","template":"","meta":{"footnotes":""},"class_list":["post-347","page","type-page","status-publish","hentry"],"yoast_head":"<!-- This site is optimized with the Yoast SEO plugin v26.9 - https:\/\/yoast.com\/product\/yoast-seo-wordpress\/ -->\n<title>Termos &amp; Condi\u00e7\u00f5es de Hospedagem - Eco Soul Ericeira Guesthouse.<\/title>\n<meta name=\"description\" content=\"Termos &amp; Condi\u00e7\u00f5es de Hospedagem da Eco Soul Ericeira Guesthouse. Verifique a informa\u00e7\u00e3o dispon\u00edvel antes de realizar a sua reserva.\" \/>\n<meta name=\"robots\" content=\"index, follow, max-snippet:-1, max-image-preview:large, max-video-preview:-1\" \/>\n<link rel=\"canonical\" href=\"https:\/\/www.ecosoulericeira.com\/pt-pt\/termos-condicoes\/\" \/>\n<meta property=\"og:locale\" content=\"pt_PT\" \/>\n<meta property=\"og:type\" content=\"article\" \/>\n<meta property=\"og:title\" content=\"Termos &amp; Condi\u00e7\u00f5es de Hospedagem - Eco Soul Ericeira Guesthouse.\" \/>\n<meta property=\"og:description\" content=\"Termos &amp; Condi\u00e7\u00f5es de Hospedagem da Eco Soul Ericeira Guesthouse. Verifique a informa\u00e7\u00e3o dispon\u00edvel antes de realizar a sua reserva.\" \/>\n<meta property=\"og:url\" content=\"https:\/\/www.ecosoulericeira.com\/pt-pt\/termos-condicoes\/\" \/>\n<meta property=\"og:site_name\" content=\"Eco Soul Ericeira\" \/>\n<meta property=\"article:modified_time\" content=\"2022-04-03T12:33:59+00:00\" \/>\n<meta name=\"twitter:card\" content=\"summary_large_image\" \/>\n<meta name=\"twitter:label1\" content=\"Tempo estimado de leitura\" \/>\n\t<meta name=\"twitter:data1\" content=\"8 minutos\" \/>\n<script type=\"application\/ld+json\" class=\"yoast-schema-graph\">{\"@context\":\"https:\/\/schema.org\",\"@graph\":[{\"@type\":\"WebPage\",\"@id\":\"https:\/\/www.ecosoulericeira.com\/pt-pt\/termos-condicoes\/\",\"url\":\"https:\/\/www.ecosoulericeira.com\/pt-pt\/termos-condicoes\/\",\"name\":\"Termos & Condi\u00e7\u00f5es de Hospedagem - Eco Soul Ericeira Guesthouse.\",\"isPartOf\":{\"@id\":\"https:\/\/www.ecosoulericeira.com\/es\/#website\"},\"datePublished\":\"2018-02-23T14:59:36+00:00\",\"dateModified\":\"2022-04-03T12:33:59+00:00\",\"description\":\"Termos & Condi\u00e7\u00f5es de Hospedagem da Eco Soul Ericeira Guesthouse. Verifique a informa\u00e7\u00e3o dispon\u00edvel antes de realizar a sua reserva.\",\"breadcrumb\":{\"@id\":\"https:\/\/www.ecosoulericeira.com\/pt-pt\/termos-condicoes\/#breadcrumb\"},\"inLanguage\":\"pt-PT\",\"potentialAction\":[{\"@type\":\"ReadAction\",\"target\":[\"https:\/\/www.ecosoulericeira.com\/pt-pt\/termos-condicoes\/\"]}]},{\"@type\":\"BreadcrumbList\",\"@id\":\"https:\/\/www.ecosoulericeira.com\/pt-pt\/termos-condicoes\/#breadcrumb\",\"itemListElement\":[{\"@type\":\"ListItem\",\"position\":1,\"name\":\"In\u00edcio\",\"item\":\"https:\/\/www.ecosoulericeira.com\/pt-pt\/\"},{\"@type\":\"ListItem\",\"position\":2,\"name\":\"Termos &#038; Condi\u00e7\u00f5es\"}]},{\"@type\":\"WebSite\",\"@id\":\"https:\/\/www.ecosoulericeira.com\/es\/#website\",\"url\":\"https:\/\/www.ecosoulericeira.com\/es\/\",\"name\":\"Eco Soul Ericeira\",\"description\":\"Ecological &amp; Charming Guesthouse\",\"potentialAction\":[{\"@type\":\"SearchAction\",\"target\":{\"@type\":\"EntryPoint\",\"urlTemplate\":\"https:\/\/www.ecosoulericeira.com\/es\/?s={search_term_string}\"},\"query-input\":{\"@type\":\"PropertyValueSpecification\",\"valueRequired\":true,\"valueName\":\"search_term_string\"}}],\"inLanguage\":\"pt-PT\"}]}<\/script>\n<!-- \/ Yoast SEO plugin. -->","yoast_head_json":{"title":"Termos & Condi\u00e7\u00f5es de Hospedagem - Eco Soul Ericeira Guesthouse.","description":"Termos & Condi\u00e7\u00f5es de Hospedagem da Eco Soul Ericeira Guesthouse. Verifique a informa\u00e7\u00e3o dispon\u00edvel antes de realizar a sua reserva.","robots":{"index":"index","follow":"follow","max-snippet":"max-snippet:-1","max-image-preview":"max-image-preview:large","max-video-preview":"max-video-preview:-1"},"canonical":"https:\/\/www.ecosoulericeira.com\/pt-pt\/termos-condicoes\/","og_locale":"pt_PT","og_type":"article","og_title":"Termos & Condi\u00e7\u00f5es de Hospedagem - Eco Soul Ericeira Guesthouse.","og_description":"Termos & Condi\u00e7\u00f5es de Hospedagem da Eco Soul Ericeira Guesthouse. Verifique a informa\u00e7\u00e3o dispon\u00edvel antes de realizar a sua reserva.","og_url":"https:\/\/www.ecosoulericeira.com\/pt-pt\/termos-condicoes\/","og_site_name":"Eco Soul Ericeira","article_modified_time":"2022-04-03T12:33:59+00:00","twitter_card":"summary_large_image","twitter_misc":{"Tempo estimado de leitura":"8 minutos"},"schema":{"@context":"https:\/\/schema.org","@graph":[{"@type":"WebPage","@id":"https:\/\/www.ecosoulericeira.com\/pt-pt\/termos-condicoes\/","url":"https:\/\/www.ecosoulericeira.com\/pt-pt\/termos-condicoes\/","name":"Termos & Condi\u00e7\u00f5es de Hospedagem - Eco Soul Ericeira Guesthouse.","isPartOf":{"@id":"https:\/\/www.ecosoulericeira.com\/es\/#website"},"datePublished":"2018-02-23T14:59:36+00:00","dateModified":"2022-04-03T12:33:59+00:00","description":"Termos & Condi\u00e7\u00f5es de Hospedagem da Eco Soul Ericeira Guesthouse. Verifique a informa\u00e7\u00e3o dispon\u00edvel antes de realizar a sua reserva.","breadcrumb":{"@id":"https:\/\/www.ecosoulericeira.com\/pt-pt\/termos-condicoes\/#breadcrumb"},"inLanguage":"pt-PT","potentialAction":[{"@type":"ReadAction","target":["https:\/\/www.ecosoulericeira.com\/pt-pt\/termos-condicoes\/"]}]},{"@type":"BreadcrumbList","@id":"https:\/\/www.ecosoulericeira.com\/pt-pt\/termos-condicoes\/#breadcrumb","itemListElement":[{"@type":"ListItem","position":1,"name":"In\u00edcio","item":"https:\/\/www.ecosoulericeira.com\/pt-pt\/"},{"@type":"ListItem","position":2,"name":"Termos &#038; Condi\u00e7\u00f5es"}]},{"@type":"WebSite","@id":"https:\/\/www.ecosoulericeira.com\/es\/#website","url":"https:\/\/www.ecosoulericeira.com\/es\/","name":"Eco Soul Ericeira","description":"Ecological &amp; Charming Guesthouse","potentialAction":[{"@type":"SearchAction","target":{"@type":"EntryPoint","urlTemplate":"https:\/\/www.ecosoulericeira.com\/es\/?s={search_term_string}"},"query-input":{"@type":"PropertyValueSpecification","valueRequired":true,"valueName":"search_term_string"}}],"inLanguage":"pt-PT"}]}},"_links":{"self":[{"href":"https:\/\/www.ecosoulericeira.com\/pt-pt\/wp-json\/wp\/v2\/pages\/347","targetHints":{"allow":["GET"]}}],"collection":[{"href":"https:\/\/www.ecosoulericeira.com\/pt-pt\/wp-json\/wp\/v2\/pages"}],"about":[{"href":"https:\/\/www.ecosoulericeira.com\/pt-pt\/wp-json\/wp\/v2\/types\/page"}],"author":[{"embeddable":true,"href":"https:\/\/www.ecosoulericeira.com\/pt-pt\/wp-json\/wp\/v2\/users\/1"}],"replies":[{"embeddable":true,"href":"https:\/\/www.ecosoulericeira.com\/pt-pt\/wp-json\/wp\/v2\/comments?post=347"}],"version-history":[{"count":3,"href":"https:\/\/www.ecosoulericeira.com\/pt-pt\/wp-json\/wp\/v2\/pages\/347\/revisions"}],"predecessor-version":[{"id":3043,"href":"https:\/\/www.ecosoulericeira.com\/pt-pt\/wp-json\/wp\/v2\/pages\/347\/revisions\/3043"}],"wp:attachment":[{"href":"https:\/\/www.ecosoulericeira.com\/pt-pt\/wp-json\/wp\/v2\/media?parent=347"}],"curies":[{"name":"wp","href":"https:\/\/api.w.org\/{rel}","templated":true}]}}