{"id":1712,"date":"2020-06-09T18:11:10","date_gmt":"2020-06-09T18:11:10","guid":{"rendered":"https:\/\/www.ecosoulericeira.com\/?page_id=1712"},"modified":"2020-08-21T11:05:12","modified_gmt":"2020-08-21T11:05:12","slug":"blogue-o-que-fazer-na-ericeira","status":"publish","type":"page","link":"https:\/\/www.ecosoulericeira.com\/pt-pt\/blogue-o-que-fazer-na-ericeira\/","title":{"rendered":"Blogue"},"content":{"rendered":"<div class=\"wpb-content-wrapper\">[vc_row fullwidth=&#8221;true&#8221; css=&#8221;.vc_custom_1591726382978{background-image: url(https:\/\/www.ecosoulericeira.com\/wp-content\/uploads\/2017\/04\/header-trilhos-sintra-ericeira-min.jpg?id=1694) !important;background-position: center !important;background-repeat: no-repeat !important;background-size: cover !important;}&#8221;][vc_column][mk_padding_divider size=&#8221;380&#8243;][\/vc_column][\/vc_row][vc_row][vc_column][mk_padding_divider size=&#8221;90&#8243;][\/vc_column][\/vc_row][vc_row][vc_column][vc_column_text css=&#8221;.vc_custom_1593726095165{margin-bottom: 0px !important;}&#8221;]\n<h2>BLOG<\/h2>\n<p>No nosso blog escrevemos sobre o que fazer na Ericeira e em Portugal, como surf, trilhos, provas de vinhos, restaurantes e sobre a Eco Soul Ericeira Guesthouse. O nosso objectivo \u00e9 fornecer-lhe informa\u00e7\u00f5es relevantes para preparar a sua viagem.<\/p>\n<p>Escreva-nos atrav\u00e9s do <strong><a href=\"https:\/\/www.ecosoulericeira.com\/pt-pt\/contactos\/\">formul\u00e1rio de contacto<\/a><\/strong> com as suas perguntas. Por exemplo, perguntas sobre actividades, gastronomia, spots de surf, itiner\u00e1rios recomendados ou o que quer que queira saber. Teremos todo o prazer em responder \u00e0s suas perguntas e, com isso, ir\u00e1 ajudar-nos a inspirar-nos para os pr\u00f3ximos artigos.<\/p>\n<p>N\u00e3o deixe de nos seguir no <strong><a href=\"https:\/\/www.facebook.com\/EcoSoulEriceira\/\">facebook<\/a><\/strong> para estar a par do que se passa aqui, do tempo na Ericeira, das praias da Reserva Mundial de Surf da Ericeira, das festividades locais, dos eventos gastron\u00f3micos, da agenda cultural, entre outras actividades de interesse.<\/p>\n<p>Aproveite este espa\u00e7o feito para si.<\/p>\n<p>At\u00e9 breve![\/vc_column_text][\/vc_column][\/vc_row][vc_row][vc_column][mk_padding_divider size=&#8221;90&#8243;][\/vc_column][\/vc_row][vc_row fullwidth=&#8221;true&#8221; fullwidth_content=&#8221;false&#8221; css=&#8221;.vc_custom_1591726664626{background-color: #ffffff !important;background-position: center !important;background-repeat: no-repeat !important;background-size: cover !important;}&#8221;][vc_column][vc_row_inner][vc_column_inner][mk_blog style=&#8221;newspaper&#8221; post_count=&#8221;-1&#8243;][\/vc_column_inner][\/vc_row_inner][\/vc_column][\/vc_row][vc_row][vc_column][mk_padding_divider size=&#8221;90&#8243;][\/vc_column][\/vc_row][vc_row fullwidth=&#8221;true&#8221; css=&#8221;.vc_custom_1591788228221{border-top-width: 2px !important;background-image: url(https:\/\/www.ecosoulericeira.com\/wp-content\/uploads\/2018\/03\/footer-background-min-1-1.jpg?id=726) !important;background-position: center !important;background-repeat: no-repeat !important;background-size: cover !important;border-top-color: #c1c1c1 !important;border-top-style: solid !important;}&#8221;][vc_column][mk_padding_divider size=&#8221;80&#8243;][vc_column_text css=&#8221;.vc_custom_1591788052590{margin-bottom: 0px !important;}&#8221;]\n<p style=\"text-align: center;\"><strong><a href=\"\/\">Home<\/a>\u00a0 \u00a0<a href=\"\/quartos\/\">Quartos<\/a>\u00a0 \u00a0<a href=\"\/comodidades\/\">Comodidades<\/a>\u00a0 \u00a0<a href=\"\/pt-pt\/pacotes\/\">Pacotes<\/a>\u00a0 \u00a0<a href=\"\/pt-pt\/galeria\/\">Fotografias<\/a>\u00a0 \u00a0<a href=\"\/pt-pt\/virtualtour\/\">Tour Virtual<\/a>\u00a0 \u00a0<a href=\"\/pt-pt\/sobre-nos\/a-nossa-historia\/\">Hist\u00f3ria<\/a>\u00a0 \u00a0<a href=\"\/pt-pt\/sobre-nos\/sustentabilidade\/\">Sustentabilidade<\/a>\u00a0 \u00a0<a href=\"\/pt-pt\/reviews\/\">Reviews<\/a>\u00a0 \u00a0<a href=\"\/localizacao\/\">Localiza\u00e7\u00e3o<\/a>\u00a0 \u00a0<a href=\"\/pt-pt\/blogue\/\">Blogue<\/a>\u00a0 \u00a0<a href=\"\/contactos\/\">Contactos<\/a><\/strong><\/p>\n[\/vc_column_text][mk_divider style=&#8221;thin_solid&#8221; divider_width=&#8221;custom_width&#8221; custom_width=&#8221;25&#8243; thin_single_color=&#8221;#5b5b5b&#8221; thickness=&#8221;2&#8243; margin_top=&#8221;5&#8243;][vc_custom_heading text=&#8221;Siga-nos:&#8221; font_container=&#8221;tag:h5|font_size:24px|text_align:center|color:%23000000|line_height:34px&#8221; google_fonts=&#8221;font_family:Bitter%3Aregular%2Citalic%2C700|font_style:700%20bold%20regular%3A700%3Anormal&#8221;][vc_row_inner is_fullwidth_content=&#8221;false&#8221;][vc_column_inner][mk_social_networks size=&#8221;large&#8221; style=&#8221;simple-rounded&#8221; margin=&#8221;8&#8243; border_color=&#8221;#000000&#8243; bg_color=&#8221;#ffffff&#8221; bg_hover_color=&#8221;#0096d3&#8243; icon_color=&#8221;#000000&#8243; icon_hover_color=&#8221;#ffffff&#8221; align=&#8221;center&#8221; facebook=&#8221;https:\/\/www.facebook.com\/ecosoulericeira\/&#8221; instagram=&#8221;https:\/\/www.instagram.com\/ecosoulericeira\/&#8221;][\/vc_column_inner][\/vc_row_inner][mk_divider style=&#8221;thin_solid&#8221; divider_width=&#8221;custom_width&#8221; custom_width=&#8221;25&#8243; thin_single_color=&#8221;#5b5b5b&#8221; thickness=&#8221;2&#8243; margin_top=&#8221;5&#8243; margin_bottom=&#8221;30&#8243;][vc_column_text el_class=&#8221;textfooter&#8221; css=&#8221;.vc_custom_1591787939509{margin-bottom: 0px !important;}&#8221;]\n<p style=\"text-align: center;\"><span style=\"color: #000000;\"><a style=\"color: #000000;\" href=\"\/termos-condicoes\/\">Termos &amp; Condi\u00e7\u00f5es<\/a><strong>\u00a0 \u00a0<\/strong><\/span><span style=\"color: #000000;\"><a style=\"color: #000000;\" href=\"\/informacao-essencial\/\">Informa\u00e7\u00e3o Essencial<\/a>\u00a0 \u00a0<a style=\"color: #000000;\" href=\"\/pt-pt\/perguntas-frequentes\/\">Perguntas Frequentes<\/a><\/span><\/p>\n[\/vc_column_text][vc_custom_heading text=&#8221;Registo n\u00ba 35938\/AL&#8221; font_container=&#8221;tag:p|font_size:14px|text_align:center|color:%23000000|line_height:12px&#8221; google_fonts=&#8221;font_family:Source%20Sans%20Pro%3A200%2C200italic%2C300%2C300italic%2Cregular%2Citalic%2C600%2C600italic%2C700%2C700italic%2C900%2C900italic|font_style:400%20regular%3A400%3Anormal&#8221; link=&#8221;|||&#8221;][mk_padding_divider size=&#8221;10&#8243;][vc_row_inner][vc_column_inner width=&#8221;1\/3&#8243;][\/vc_column_inner][vc_column_inner width=&#8221;1\/3&#8243;][vc_raw_html]JTNDZGl2JTIwYWxpZ24lM0QlMjJjZW50ZXIlMjIlMjBpZCUzRCUyMlRBX2V4Y2VsbGVudDg1MiUyMiUyMGNsYXNzJTNEJTIyVEFfZXhjZWxsZW50JTIyJTNFJTNDdWwlMjBpZCUzRCUyMnBNUXVndmslMjIlMjBjbGFzcyUzRCUyMlRBX2xpbmtzJTIwNTU4eHRwdCUyMiUzRSUzQ2xpJTIwaWQlM0QlMjJZUGNpd0psOVBtMzAlMjIlMjBjbGFzcyUzRCUyMkxJSnZBWVJXTSUyMiUzRSUzQ2ElMjB0YXJnZXQlM0QlMjJfYmxhbmslMjIlMjBocmVmJTNEJTIyaHR0cHMlM0ElMkYlMkZ3d3cudHJpcGFkdmlzb3IuY28udWslMkZIb3RlbF9SZXZpZXctZzY1MjA4NC1kMTIyMzAxNDUtUmV2aWV3cy1FY29fU291bF9FcmljZWlyYV9HdWVzdGhvdXNlLUVyaWNlaXJhX01hZnJhX0xpc2Jvbl9EaXN0cmljdF9DZW50cmFsX1BvcnR1Z2FsLmh0bWwlMjIlM0UlM0NpbWclMjBzcmMlM0QlMjJodHRwcyUzQSUyRiUyRnN0YXRpYy50YWNkbi5jb20lMkZpbWcyJTJGYnJhbmRfcmVmcmVzaCUyRlRyaXBhZHZpc29yX2xvY2t1cF9ob3Jpem9udGFsX3NlY29uZGFyeV9yZWdpc3RlcmVkLnN2ZyUyMiUyMGFsdCUzRCUyMlRyaXBBZHZpc29yJTIyJTIwY2xhc3MlM0QlMjJ3aWRFWENJTUclMjIlMjBpZCUzRCUyMkNEU1dJREVYQ0xPR08lMjIlMkYlM0UlM0MlMkZhJTNFJTNDJTJGbGklM0UlM0MlMkZ1bCUzRSUzQyUyRmRpdiUzRSUzQ3NjcmlwdCUyMGFzeW5jJTIwc3JjJTNEJTIyaHR0cHMlM0ElMkYlMkZ3d3cuanNjYWNoZS5jb20lMkZ3ZWpzJTNGd3R5cGUlM0RleGNlbGxlbnQlMjZhbXAlM0J1bmlxJTNEODUyJTI2YW1wJTNCbG9jYXRpb25JZCUzRDEyMjMwMTQ1JTI2YW1wJTNCbGFuZyUzRGVuX1VLJTI2YW1wJTNCZGlzcGxheV92ZXJzaW9uJTNEMiUyMiUyMGRhdGEtbG9hZHRyayUyMG9ubG9hZCUzRCUyMnRoaXMubG9hZHRyayUzRHRydWUlMjIlM0UlM0MlMkZzY3JpcHQlM0U=[\/vc_raw_html][\/vc_column_inner][vc_column_inner width=&#8221;1\/3&#8243;][\/vc_column_inner][\/vc_row_inner][mk_padding_divider size=&#8221;10&#8243;][vc_custom_heading text=&#8221;Web Design &amp; Digital Marketing by: Revenize&#8221; font_container=&#8221;tag:p|font_size:12px|text_align:center|color:%23444444|line_height:18px&#8221; google_fonts=&#8221;font_family:Source%20Sans%20Pro%3A200%2C200italic%2C300%2C300italic%2Cregular%2Citalic%2C600%2C600italic%2C700%2C700italic%2C900%2C900italic|font_style:400%20regular%3A400%3Anormal&#8221; link=&#8221;url:http%3A%2F%2Fwww.revenize.pt%2F||target:%20_blank|&#8221;][mk_padding_divider size=&#8221;5&#8243;][\/vc_column][\/vc_row]\n<\/div>","protected":false},"excerpt":{"rendered":"<p>[vc_row fullwidth=&#8221;true&#8221; css=&#8221;.vc_custom_1591726382978{background-image: url(https:\/\/www.ecosoulericeira.com\/wp-content\/uploads\/2017\/04\/header-trilhos-sintra-ericeira-min.jpg?id=1694) !important;background-position: center !important;background-repeat: no-repeat !important;background-size: cover !important;}&#8221;][vc_column][mk_padding_divider size=&#8221;380&#8243;][\/vc_column][\/vc_row][vc_row][vc_column][mk_padding_divider size=&#8221;90&#8243;][\/vc_column][\/vc_row][vc_row][vc_column][vc_column_text css=&#8221;.vc_custom_1593726095165{margin-bottom: 0px !important;}&#8221;] BLOG No nosso blog escrevemos sobre o que fazer na Ericeira e em Portugal, como surf, trilhos, provas de vinhos, restaurantes e sobre a Eco Soul Ericeira Guesthouse. O nosso objectivo \u00e9 fornecer-lhe informa\u00e7\u00f5es relevantes para preparar a sua [&hellip;]<\/p>\n","protected":false},"author":1,"featured_media":0,"parent":0,"menu_order":0,"comment_status":"closed","ping_status":"closed","template":"","meta":{"footnotes":""},"class_list":["post-1712","page","type-page","status-publish","hentry"],"yoast_head":"<!-- This site is optimized with the Yoast SEO plugin v26.9 - https:\/\/yoast.com\/product\/yoast-seo-wordpress\/ -->\n<title>O que fazer na Ericeira e Portugal - Blogue - Eco Soul Ericeira<\/title>\n<meta name=\"description\" content=\"No nosso blogue escrevemos sobre o que fazer na Ericeira e em Portugal, como surf, trilhos, provas de vinhos, restaurantes e sobre a Eco Soul Ericeira.\" \/>\n<meta name=\"robots\" content=\"index, follow, max-snippet:-1, max-image-preview:large, max-video-preview:-1\" \/>\n<link rel=\"canonical\" href=\"https:\/\/www.ecosoulericeira.com\/pt-pt\/blogue-o-que-fazer-na-ericeira\/\" \/>\n<meta property=\"og:locale\" content=\"pt_PT\" \/>\n<meta property=\"og:type\" content=\"article\" \/>\n<meta property=\"og:title\" content=\"O que fazer na Ericeira e Portugal - Blogue - Eco Soul Ericeira\" \/>\n<meta property=\"og:description\" content=\"No nosso blogue escrevemos sobre o que fazer na Ericeira e em Portugal, como surf, trilhos, provas de vinhos, restaurantes e sobre a Eco Soul Ericeira.\" \/>\n<meta property=\"og:url\" content=\"https:\/\/www.ecosoulericeira.com\/pt-pt\/blogue-o-que-fazer-na-ericeira\/\" \/>\n<meta property=\"og:site_name\" content=\"Eco Soul Ericeira\" \/>\n<meta property=\"article:modified_time\" content=\"2020-08-21T11:05:12+00:00\" \/>\n<meta name=\"twitter:card\" content=\"summary_large_image\" \/>\n<meta name=\"twitter:label1\" content=\"Tempo estimado de leitura\" \/>\n\t<meta name=\"twitter:data1\" content=\"4 minutos\" \/>\n<script type=\"application\/ld+json\" class=\"yoast-schema-graph\">{\"@context\":\"https:\/\/schema.org\",\"@graph\":[{\"@type\":\"WebPage\",\"@id\":\"https:\/\/www.ecosoulericeira.com\/pt-pt\/blogue-o-que-fazer-na-ericeira\/\",\"url\":\"https:\/\/www.ecosoulericeira.com\/pt-pt\/blogue-o-que-fazer-na-ericeira\/\",\"name\":\"O que fazer na Ericeira e Portugal - Blogue - Eco Soul Ericeira\",\"isPartOf\":{\"@id\":\"https:\/\/www.ecosoulericeira.com\/es\/#website\"},\"datePublished\":\"2020-06-09T18:11:10+00:00\",\"dateModified\":\"2020-08-21T11:05:12+00:00\",\"description\":\"No nosso blogue escrevemos sobre o que fazer na Ericeira e em Portugal, como surf, trilhos, provas de vinhos, restaurantes e sobre a Eco Soul Ericeira.\",\"breadcrumb\":{\"@id\":\"https:\/\/www.ecosoulericeira.com\/pt-pt\/blogue-o-que-fazer-na-ericeira\/#breadcrumb\"},\"inLanguage\":\"pt-PT\",\"potentialAction\":[{\"@type\":\"ReadAction\",\"target\":[\"https:\/\/www.ecosoulericeira.com\/pt-pt\/blogue-o-que-fazer-na-ericeira\/\"]}]},{\"@type\":\"BreadcrumbList\",\"@id\":\"https:\/\/www.ecosoulericeira.com\/pt-pt\/blogue-o-que-fazer-na-ericeira\/#breadcrumb\",\"itemListElement\":[{\"@type\":\"ListItem\",\"position\":1,\"name\":\"In\u00edcio\",\"item\":\"https:\/\/www.ecosoulericeira.com\/pt-pt\/\"},{\"@type\":\"ListItem\",\"position\":2,\"name\":\"Blogue\"}]},{\"@type\":\"WebSite\",\"@id\":\"https:\/\/www.ecosoulericeira.com\/es\/#website\",\"url\":\"https:\/\/www.ecosoulericeira.com\/es\/\",\"name\":\"Eco Soul Ericeira\",\"description\":\"Ecological &amp; Charming Guesthouse\",\"potentialAction\":[{\"@type\":\"SearchAction\",\"target\":{\"@type\":\"EntryPoint\",\"urlTemplate\":\"https:\/\/www.ecosoulericeira.com\/es\/?s={search_term_string}\"},\"query-input\":{\"@type\":\"PropertyValueSpecification\",\"valueRequired\":true,\"valueName\":\"search_term_string\"}}],\"inLanguage\":\"pt-PT\"}]}<\/script>\n<!-- \/ Yoast SEO plugin. -->","yoast_head_json":{"title":"O que fazer na Ericeira e Portugal - Blogue - Eco Soul Ericeira","description":"No nosso blogue escrevemos sobre o que fazer na Ericeira e em Portugal, como surf, trilhos, provas de vinhos, restaurantes e sobre a Eco Soul Ericeira.","robots":{"index":"index","follow":"follow","max-snippet":"max-snippet:-1","max-image-preview":"max-image-preview:large","max-video-preview":"max-video-preview:-1"},"canonical":"https:\/\/www.ecosoulericeira.com\/pt-pt\/blogue-o-que-fazer-na-ericeira\/","og_locale":"pt_PT","og_type":"article","og_title":"O que fazer na Ericeira e Portugal - Blogue - Eco Soul Ericeira","og_description":"No nosso blogue escrevemos sobre o que fazer na Ericeira e em Portugal, como surf, trilhos, provas de vinhos, restaurantes e sobre a Eco Soul Ericeira.","og_url":"https:\/\/www.ecosoulericeira.com\/pt-pt\/blogue-o-que-fazer-na-ericeira\/","og_site_name":"Eco Soul Ericeira","article_modified_time":"2020-08-21T11:05:12+00:00","twitter_card":"summary_large_image","twitter_misc":{"Tempo estimado de leitura":"4 minutos"},"schema":{"@context":"https:\/\/schema.org","@graph":[{"@type":"WebPage","@id":"https:\/\/www.ecosoulericeira.com\/pt-pt\/blogue-o-que-fazer-na-ericeira\/","url":"https:\/\/www.ecosoulericeira.com\/pt-pt\/blogue-o-que-fazer-na-ericeira\/","name":"O que fazer na Ericeira e Portugal - Blogue - Eco Soul Ericeira","isPartOf":{"@id":"https:\/\/www.ecosoulericeira.com\/es\/#website"},"datePublished":"2020-06-09T18:11:10+00:00","dateModified":"2020-08-21T11:05:12+00:00","description":"No nosso blogue escrevemos sobre o que fazer na Ericeira e em Portugal, como surf, trilhos, provas de vinhos, restaurantes e sobre a Eco Soul Ericeira.","breadcrumb":{"@id":"https:\/\/www.ecosoulericeira.com\/pt-pt\/blogue-o-que-fazer-na-ericeira\/#breadcrumb"},"inLanguage":"pt-PT","potentialAction":[{"@type":"ReadAction","target":["https:\/\/www.ecosoulericeira.com\/pt-pt\/blogue-o-que-fazer-na-ericeira\/"]}]},{"@type":"BreadcrumbList","@id":"https:\/\/www.ecosoulericeira.com\/pt-pt\/blogue-o-que-fazer-na-ericeira\/#breadcrumb","itemListElement":[{"@type":"ListItem","position":1,"name":"In\u00edcio","item":"https:\/\/www.ecosoulericeira.com\/pt-pt\/"},{"@type":"ListItem","position":2,"name":"Blogue"}]},{"@type":"WebSite","@id":"https:\/\/www.ecosoulericeira.com\/es\/#website","url":"https:\/\/www.ecosoulericeira.com\/es\/","name":"Eco Soul Ericeira","description":"Ecological &amp; Charming Guesthouse","potentialAction":[{"@type":"SearchAction","target":{"@type":"EntryPoint","urlTemplate":"https:\/\/www.ecosoulericeira.com\/es\/?s={search_term_string}"},"query-input":{"@type":"PropertyValueSpecification","valueRequired":true,"valueName":"search_term_string"}}],"inLanguage":"pt-PT"}]}},"_links":{"self":[{"href":"https:\/\/www.ecosoulericeira.com\/pt-pt\/wp-json\/wp\/v2\/pages\/1712","targetHints":{"allow":["GET"]}}],"collection":[{"href":"https:\/\/www.ecosoulericeira.com\/pt-pt\/wp-json\/wp\/v2\/pages"}],"about":[{"href":"https:\/\/www.ecosoulericeira.com\/pt-pt\/wp-json\/wp\/v2\/types\/page"}],"author":[{"embeddable":true,"href":"https:\/\/www.ecosoulericeira.com\/pt-pt\/wp-json\/wp\/v2\/users\/1"}],"replies":[{"embeddable":true,"href":"https:\/\/www.ecosoulericeira.com\/pt-pt\/wp-json\/wp\/v2\/comments?post=1712"}],"version-history":[{"count":0,"href":"https:\/\/www.ecosoulericeira.com\/pt-pt\/wp-json\/wp\/v2\/pages\/1712\/revisions"}],"wp:attachment":[{"href":"https:\/\/www.ecosoulericeira.com\/pt-pt\/wp-json\/wp\/v2\/media?parent=1712"}],"curies":[{"name":"wp","href":"https:\/\/api.w.org\/{rel}","templated":true}]}}