{"id":1724,"date":"2020-06-09T18:11:10","date_gmt":"2020-06-09T18:11:10","guid":{"rendered":"https:\/\/www.ecosoulericeira.com\/blog\/"},"modified":"2020-08-21T13:43:06","modified_gmt":"2020-08-21T13:43:06","slug":"blog-que-hacer-en-ericeira","status":"publish","type":"page","link":"https:\/\/www.ecosoulericeira.com\/es\/blog-que-hacer-en-ericeira\/","title":{"rendered":"Blog"},"content":{"rendered":"<div class=\"wpb-content-wrapper\">[vc_row fullwidth=\u00bbtrue\u00bb css=\u00bb.vc_custom_1591726382978{background-image: url(https:\/\/www.ecosoulericeira.com\/wp-content\/uploads\/2017\/04\/header-trilhos-sintra-ericeira-min.jpg?id=1694) !important;background-position: center !important;background-repeat: no-repeat !important;background-size: cover !important;}\u00bb][vc_column][mk_padding_divider size=\u00bb380&#8243;][\/vc_column][\/vc_row][vc_row][vc_column][mk_padding_divider size=\u00bb90&#8243;][\/vc_column][\/vc_row][vc_row][vc_column][vc_column_text css=\u00bb.vc_custom_1593727508411{margin-bottom: 0px !important;}\u00bb]\n<h2>BLOG<\/h2>\n<h2>\u00bfQu\u00e9 hacer en Ericeira y en Portugal?<\/h2>\n<p>En nuestro blog escribimos sobre Qu\u00e9 hacer en Ericeira y en Portugal, como surf, caminadas, catas de vino, restaurantes y sobre Eco Soul Ericeira Guesthouse. Nuestro objetivo es proporcionarte informaci\u00f3n relevante para preparar tu viaje.<\/p>\n<p>Escr\u00edbenos a trav\u00e9s del <a href=\"https:\/\/www.ecosoulericeira.com\/es\/contactos\/\"><strong>formulario de contacto<\/strong><\/a> con tus preguntas. Por ejemplo, preguntas sobre actividades, gastronom\u00eda, lugares de surf, itinerarios recomendados o lo que quieras saber. Estaremos encantados de responder a tus preguntas y con ello nos ayudar\u00e1s a inspirarnos para los pr\u00f3ximos art\u00edculos.<\/p>\n<p>Aseg\u00farate de seguirnos en <strong><a href=\"https:\/\/www.facebook.com\/EcoSoulEriceira\/\">facebook<\/a><\/strong> para estar al d\u00eda de lo que ocurre aqu\u00ed, el tiempo en Ericeira, las playas de la Reserva Mundial de Surf de Ericeira, las fiestas locales, los eventos gastron\u00f3micos, la agenda cultural entre otras actividades de inter\u00e9s.<\/p>\n<p>Disfruta de este espacio hecho para ti.<\/p>\n<p>Hasta pronto![\/vc_column_text][\/vc_column][\/vc_row][vc_row][vc_column][mk_padding_divider size=\u00bb90&#8243;][\/vc_column][\/vc_row][vc_row fullwidth=\u00bbtrue\u00bb fullwidth_content=\u00bbfalse\u00bb css=\u00bb.vc_custom_1591726664626{background-color: #ffffff !important;background-position: center !important;background-repeat: no-repeat !important;background-size: cover !important;}\u00bb][vc_column][vc_row_inner][vc_column_inner][mk_blog style=\u00bbnewspaper\u00bb post_count=\u00bb-1&#8243;][\/vc_column_inner][\/vc_row_inner][\/vc_column][\/vc_row][vc_row][vc_column][mk_padding_divider size=\u00bb90&#8243;][\/vc_column][\/vc_row][vc_row fullwidth=\u00bbtrue\u00bb css=\u00bb.vc_custom_1591790048980{border-top-width: 2px !important;background-image: url(https:\/\/www.ecosoulericeira.com\/wp-content\/uploads\/2018\/03\/footer-background-min-1-1.jpg?id=726) !important;background-position: center !important;background-repeat: no-repeat !important;background-size: cover !important;border-top-color: #c1c1c1 !important;border-top-style: solid !important;}\u00bb][vc_column][mk_padding_divider size=\u00bb80&#8243;][vc_column_text css=\u00bb.vc_custom_1591790083273{margin-bottom: 0px !important;}\u00bb]\n<p style=\"text-align: center;\"><strong><a href=\"\/es\/\">Home<\/a>\u00a0 \u00a0<a href=\"\/es\/habitaciones\/\">Habitaciones<\/a>\u00a0 \u00a0<a href=\"\/es\/comodidades\/\">Comodidades<\/a>\u00a0 \u00a0<a href=\"\/es\/paquetes\/\">Paquetes<\/a>\u00a0 \u00a0<a href=\"\/es\/galeria\/\">Fotografias<\/a>\u00a0 \u00a0<a href=\"\/es\/virtualtour-2\/\">Tour Virtual<\/a>\u00a0 \u00a0<a href=\"\/es\/sobre-nosotros\/nuestra-historia\/\">Historia<\/a>\u00a0 \u00a0<a href=\"\/es\/sobre-nosotros\/sostenibilidad\/\">Sostenibilidad<\/a>\u00a0 \u00a0<a href=\"\/es\/comentarios\/\">Comentarios<\/a>\u00a0 \u00a0<a href=\"\/es\/localizacion\/\">Localizacion<\/a>\u00a0 \u00a0<a href=\"\/es\/blog\/\">Blog<\/a>\u00a0 \u00a0<a href=\"\/es\/contactos\/\">Contactos<\/a><\/strong><\/p>\n[\/vc_column_text][mk_divider style=\u00bbthin_solid\u00bb divider_width=\u00bbcustom_width\u00bb custom_width=\u00bb25&#8243; thin_single_color=\u00bb#5b5b5b\u00bb thickness=\u00bb2&#8243; margin_top=\u00bb5&#8243;][vc_custom_heading text=\u00bbS\u00edguenos:\u00bb font_container=\u00bbtag:h5|font_size:24px|text_align:center|color:%23000000|line_height:34px\u00bb google_fonts=\u00bbfont_family:Bitter%3Aregular%2Citalic%2C700|font_style:700%20bold%20regular%3A700%3Anormal\u00bb][vc_row_inner is_fullwidth_content=\u00bbfalse\u00bb][vc_column_inner][mk_social_networks size=\u00bblarge\u00bb style=\u00bbsimple-rounded\u00bb margin=\u00bb8&#8243; border_color=\u00bb#000000&#8243; bg_color=\u00bb#ffffff\u00bb bg_hover_color=\u00bb#0096d3&#8243; icon_color=\u00bb#000000&#8243; icon_hover_color=\u00bb#ffffff\u00bb align=\u00bbcenter\u00bb facebook=\u00bbhttps:\/\/www.facebook.com\/ecosoulericeira\/\u00bb instagram=\u00bbhttps:\/\/www.instagram.com\/ecosoulericeira\/\u00bb][\/vc_column_inner][\/vc_row_inner][mk_divider style=\u00bbthin_solid\u00bb divider_width=\u00bbcustom_width\u00bb custom_width=\u00bb25&#8243; thin_single_color=\u00bb#5b5b5b\u00bb thickness=\u00bb2&#8243; margin_top=\u00bb5&#8243; margin_bottom=\u00bb30&#8243;][vc_column_text el_class=\u00bbtextfooter\u00bb css=\u00bb.vc_custom_1591790019533{margin-bottom: 0px !important;}\u00bb]\n<p style=\"text-align: center;\"><span style=\"color: #000000;\"><a style=\"color: #000000;\" href=\"\/es\/terminos-condiciones\/\">T\u00e9rminos &amp; Condiciones<\/a><strong>\u00a0 \u00a0<\/strong><a style=\"color: #000000;\" href=\"\/es\/a-tener-en-cuenta\/\">A Tener en Cuenta<\/a>\u00a0 \u00a0<a style=\"color: #000000;\" href=\"\/es\/preguntas-frecuentes\/\">Preguntas Frecuentes<\/a><\/span><\/p>\n[\/vc_column_text][vc_custom_heading text=\u00bbRegistro n\u00ba 35938\/AL\u00bb font_container=\u00bbtag:p|font_size:14px|text_align:center|color:%23000000|line_height:12px\u00bb google_fonts=\u00bbfont_family:Source%20Sans%20Pro%3A200%2C200italic%2C300%2C300italic%2Cregular%2Citalic%2C600%2C600italic%2C700%2C700italic%2C900%2C900italic|font_style:400%20regular%3A400%3Anormal\u00bb link=\u00bb|||\u00bb][mk_padding_divider size=\u00bb10&#8243;][vc_row_inner][vc_column_inner width=\u00bb1\/3&#8243;][\/vc_column_inner][vc_column_inner width=\u00bb1\/3&#8243;][vc_raw_html]JTNDZGl2JTIwYWxpZ24lM0QlMjJjZW50ZXIlMjIlMjBpZCUzRCUyMlRBX2V4Y2VsbGVudDg1MiUyMiUyMGNsYXNzJTNEJTIyVEFfZXhjZWxsZW50JTIyJTNFJTNDdWwlMjBpZCUzRCUyMnBNUXVndmslMjIlMjBjbGFzcyUzRCUyMlRBX2xpbmtzJTIwNTU4eHRwdCUyMiUzRSUzQ2xpJTIwaWQlM0QlMjJZUGNpd0psOVBtMzAlMjIlMjBjbGFzcyUzRCUyMkxJSnZBWVJXTSUyMiUzRSUzQ2ElMjB0YXJnZXQlM0QlMjJfYmxhbmslMjIlMjBocmVmJTNEJTIyaHR0cHMlM0ElMkYlMkZ3d3cudHJpcGFkdmlzb3IuY28udWslMkZIb3RlbF9SZXZpZXctZzY1MjA4NC1kMTIyMzAxNDUtUmV2aWV3cy1FY29fU291bF9FcmljZWlyYV9HdWVzdGhvdXNlLUVyaWNlaXJhX01hZnJhX0xpc2Jvbl9EaXN0cmljdF9DZW50cmFsX1BvcnR1Z2FsLmh0bWwlMjIlM0UlM0NpbWclMjBzcmMlM0QlMjJodHRwcyUzQSUyRiUyRnN0YXRpYy50YWNkbi5jb20lMkZpbWcyJTJGYnJhbmRfcmVmcmVzaCUyRlRyaXBhZHZpc29yX2xvY2t1cF9ob3Jpem9udGFsX3NlY29uZGFyeV9yZWdpc3RlcmVkLnN2ZyUyMiUyMGFsdCUzRCUyMlRyaXBBZHZpc29yJTIyJTIwY2xhc3MlM0QlMjJ3aWRFWENJTUclMjIlMjBpZCUzRCUyMkNEU1dJREVYQ0xPR08lMjIlMkYlM0UlM0MlMkZhJTNFJTNDJTJGbGklM0UlM0MlMkZ1bCUzRSUzQyUyRmRpdiUzRSUzQ3NjcmlwdCUyMGFzeW5jJTIwc3JjJTNEJTIyaHR0cHMlM0ElMkYlMkZ3d3cuanNjYWNoZS5jb20lMkZ3ZWpzJTNGd3R5cGUlM0RleGNlbGxlbnQlMjZhbXAlM0J1bmlxJTNEODUyJTI2YW1wJTNCbG9jYXRpb25JZCUzRDEyMjMwMTQ1JTI2YW1wJTNCbGFuZyUzRGVuX1VLJTI2YW1wJTNCZGlzcGxheV92ZXJzaW9uJTNEMiUyMiUyMGRhdGEtbG9hZHRyayUyMG9ubG9hZCUzRCUyMnRoaXMubG9hZHRyayUzRHRydWUlMjIlM0UlM0MlMkZzY3JpcHQlM0U=[\/vc_raw_html][\/vc_column_inner][vc_column_inner width=\u00bb1\/3&#8243;][\/vc_column_inner][\/vc_row_inner][mk_padding_divider size=\u00bb10&#8243;][vc_custom_heading text=\u00bbWeb Design &amp; Digital Marketing by: Revenize\u00bb font_container=\u00bbtag:p|font_size:12px|text_align:center|color:%23444444|line_height:18px\u00bb google_fonts=\u00bbfont_family:Source%20Sans%20Pro%3A200%2C200italic%2C300%2C300italic%2Cregular%2Citalic%2C600%2C600italic%2C700%2C700italic%2C900%2C900italic|font_style:400%20regular%3A400%3Anormal\u00bb link=\u00bburl:http%3A%2F%2Fwww.revenize.pt%2F||target:%20_blank|\u00bb][mk_padding_divider size=\u00bb5&#8243;][\/vc_column][\/vc_row]\n<\/div>","protected":false},"excerpt":{"rendered":"<p>[vc_row fullwidth=\u00bbtrue\u00bb css=\u00bb.vc_custom_1591726382978{background-image: url(https:\/\/www.ecosoulericeira.com\/wp-content\/uploads\/2017\/04\/header-trilhos-sintra-ericeira-min.jpg?id=1694) !important;background-position: center !important;background-repeat: no-repeat !important;background-size: cover !important;}\u00bb][vc_column][mk_padding_divider size=\u00bb380&#8243;][\/vc_column][\/vc_row][vc_row][vc_column][mk_padding_divider size=\u00bb90&#8243;][\/vc_column][\/vc_row][vc_row][vc_column][vc_column_text css=\u00bb.vc_custom_1593727508411{margin-bottom: 0px !important;}\u00bb] BLOG \u00bfQu\u00e9 hacer en Ericeira y en Portugal? En nuestro blog escribimos sobre Qu\u00e9 hacer en Ericeira y en Portugal, como surf, caminadas, catas de vino, restaurantes y sobre Eco Soul Ericeira Guesthouse. Nuestro objetivo es proporcionarte informaci\u00f3n relevante [&hellip;]<\/p>\n","protected":false},"author":1,"featured_media":0,"parent":0,"menu_order":0,"comment_status":"closed","ping_status":"closed","template":"","meta":{"footnotes":""},"class_list":["post-1724","page","type-page","status-publish","hentry"],"yoast_head":"<!-- This site is optimized with the Yoast SEO plugin v26.9 - https:\/\/yoast.com\/product\/yoast-seo-wordpress\/ -->\n<title>Qu\u00e9 hacer en Ericeira, Portugal - Blog - Eco Soul Ericeira<\/title>\n<meta name=\"description\" content=\"En nuestro blog escribimos sobre Qu\u00e9 hacer en Ericeira - Portugal, como surf, caminadas, catas de vino, restaurantes y sobre Eco Soul Ericeira Guesthouse\" \/>\n<meta name=\"robots\" content=\"index, follow, max-snippet:-1, max-image-preview:large, max-video-preview:-1\" \/>\n<link rel=\"canonical\" href=\"https:\/\/www.ecosoulericeira.com\/es\/blog-que-hacer-en-ericeira\/\" \/>\n<meta property=\"og:locale\" content=\"es_ES\" \/>\n<meta property=\"og:type\" content=\"article\" \/>\n<meta property=\"og:title\" content=\"Qu\u00e9 hacer en Ericeira, Portugal - Blog - Eco Soul Ericeira\" \/>\n<meta property=\"og:description\" content=\"En nuestro blog escribimos sobre Qu\u00e9 hacer en Ericeira - Portugal, como surf, caminadas, catas de vino, restaurantes y sobre Eco Soul Ericeira Guesthouse\" \/>\n<meta property=\"og:url\" content=\"https:\/\/www.ecosoulericeira.com\/es\/blog-que-hacer-en-ericeira\/\" \/>\n<meta property=\"og:site_name\" content=\"Eco Soul Ericeira\" \/>\n<meta property=\"article:modified_time\" content=\"2020-08-21T13:43:06+00:00\" \/>\n<meta name=\"twitter:card\" content=\"summary_large_image\" \/>\n<meta name=\"twitter:label1\" content=\"Tiempo de lectura\" \/>\n\t<meta name=\"twitter:data1\" content=\"4 minutos\" \/>\n<script type=\"application\/ld+json\" class=\"yoast-schema-graph\">{\"@context\":\"https:\/\/schema.org\",\"@graph\":[{\"@type\":\"WebPage\",\"@id\":\"https:\/\/www.ecosoulericeira.com\/es\/blog-que-hacer-en-ericeira\/\",\"url\":\"https:\/\/www.ecosoulericeira.com\/es\/blog-que-hacer-en-ericeira\/\",\"name\":\"Qu\u00e9 hacer en Ericeira, Portugal - Blog - Eco Soul Ericeira\",\"isPartOf\":{\"@id\":\"https:\/\/www.ecosoulericeira.com\/es\/#website\"},\"datePublished\":\"2020-06-09T18:11:10+00:00\",\"dateModified\":\"2020-08-21T13:43:06+00:00\",\"description\":\"En nuestro blog escribimos sobre Qu\u00e9 hacer en Ericeira - Portugal, como surf, caminadas, catas de vino, restaurantes y sobre Eco Soul Ericeira Guesthouse\",\"breadcrumb\":{\"@id\":\"https:\/\/www.ecosoulericeira.com\/es\/blog-que-hacer-en-ericeira\/#breadcrumb\"},\"inLanguage\":\"es\",\"potentialAction\":[{\"@type\":\"ReadAction\",\"target\":[\"https:\/\/www.ecosoulericeira.com\/es\/blog-que-hacer-en-ericeira\/\"]}]},{\"@type\":\"BreadcrumbList\",\"@id\":\"https:\/\/www.ecosoulericeira.com\/es\/blog-que-hacer-en-ericeira\/#breadcrumb\",\"itemListElement\":[{\"@type\":\"ListItem\",\"position\":1,\"name\":\"In\u00edcio\",\"item\":\"https:\/\/www.ecosoulericeira.com\/es\/\"},{\"@type\":\"ListItem\",\"position\":2,\"name\":\"Blog\"}]},{\"@type\":\"WebSite\",\"@id\":\"https:\/\/www.ecosoulericeira.com\/es\/#website\",\"url\":\"https:\/\/www.ecosoulericeira.com\/es\/\",\"name\":\"Eco Soul Ericeira\",\"description\":\"Ecological &amp; Charming Guesthouse\",\"potentialAction\":[{\"@type\":\"SearchAction\",\"target\":{\"@type\":\"EntryPoint\",\"urlTemplate\":\"https:\/\/www.ecosoulericeira.com\/es\/?s={search_term_string}\"},\"query-input\":{\"@type\":\"PropertyValueSpecification\",\"valueRequired\":true,\"valueName\":\"search_term_string\"}}],\"inLanguage\":\"es\"}]}<\/script>\n<!-- \/ Yoast SEO plugin. -->","yoast_head_json":{"title":"Qu\u00e9 hacer en Ericeira, Portugal - Blog - Eco Soul Ericeira","description":"En nuestro blog escribimos sobre Qu\u00e9 hacer en Ericeira - Portugal, como surf, caminadas, catas de vino, restaurantes y sobre Eco Soul Ericeira Guesthouse","robots":{"index":"index","follow":"follow","max-snippet":"max-snippet:-1","max-image-preview":"max-image-preview:large","max-video-preview":"max-video-preview:-1"},"canonical":"https:\/\/www.ecosoulericeira.com\/es\/blog-que-hacer-en-ericeira\/","og_locale":"es_ES","og_type":"article","og_title":"Qu\u00e9 hacer en Ericeira, Portugal - Blog - Eco Soul Ericeira","og_description":"En nuestro blog escribimos sobre Qu\u00e9 hacer en Ericeira - Portugal, como surf, caminadas, catas de vino, restaurantes y sobre Eco Soul Ericeira Guesthouse","og_url":"https:\/\/www.ecosoulericeira.com\/es\/blog-que-hacer-en-ericeira\/","og_site_name":"Eco Soul Ericeira","article_modified_time":"2020-08-21T13:43:06+00:00","twitter_card":"summary_large_image","twitter_misc":{"Tiempo de lectura":"4 minutos"},"schema":{"@context":"https:\/\/schema.org","@graph":[{"@type":"WebPage","@id":"https:\/\/www.ecosoulericeira.com\/es\/blog-que-hacer-en-ericeira\/","url":"https:\/\/www.ecosoulericeira.com\/es\/blog-que-hacer-en-ericeira\/","name":"Qu\u00e9 hacer en Ericeira, Portugal - Blog - Eco Soul Ericeira","isPartOf":{"@id":"https:\/\/www.ecosoulericeira.com\/es\/#website"},"datePublished":"2020-06-09T18:11:10+00:00","dateModified":"2020-08-21T13:43:06+00:00","description":"En nuestro blog escribimos sobre Qu\u00e9 hacer en Ericeira - Portugal, como surf, caminadas, catas de vino, restaurantes y sobre Eco Soul Ericeira Guesthouse","breadcrumb":{"@id":"https:\/\/www.ecosoulericeira.com\/es\/blog-que-hacer-en-ericeira\/#breadcrumb"},"inLanguage":"es","potentialAction":[{"@type":"ReadAction","target":["https:\/\/www.ecosoulericeira.com\/es\/blog-que-hacer-en-ericeira\/"]}]},{"@type":"BreadcrumbList","@id":"https:\/\/www.ecosoulericeira.com\/es\/blog-que-hacer-en-ericeira\/#breadcrumb","itemListElement":[{"@type":"ListItem","position":1,"name":"In\u00edcio","item":"https:\/\/www.ecosoulericeira.com\/es\/"},{"@type":"ListItem","position":2,"name":"Blog"}]},{"@type":"WebSite","@id":"https:\/\/www.ecosoulericeira.com\/es\/#website","url":"https:\/\/www.ecosoulericeira.com\/es\/","name":"Eco Soul Ericeira","description":"Ecological &amp; Charming Guesthouse","potentialAction":[{"@type":"SearchAction","target":{"@type":"EntryPoint","urlTemplate":"https:\/\/www.ecosoulericeira.com\/es\/?s={search_term_string}"},"query-input":{"@type":"PropertyValueSpecification","valueRequired":true,"valueName":"search_term_string"}}],"inLanguage":"es"}]}},"_links":{"self":[{"href":"https:\/\/www.ecosoulericeira.com\/es\/wp-json\/wp\/v2\/pages\/1724","targetHints":{"allow":["GET"]}}],"collection":[{"href":"https:\/\/www.ecosoulericeira.com\/es\/wp-json\/wp\/v2\/pages"}],"about":[{"href":"https:\/\/www.ecosoulericeira.com\/es\/wp-json\/wp\/v2\/types\/page"}],"author":[{"embeddable":true,"href":"https:\/\/www.ecosoulericeira.com\/es\/wp-json\/wp\/v2\/users\/1"}],"replies":[{"embeddable":true,"href":"https:\/\/www.ecosoulericeira.com\/es\/wp-json\/wp\/v2\/comments?post=1724"}],"version-history":[{"count":0,"href":"https:\/\/www.ecosoulericeira.com\/es\/wp-json\/wp\/v2\/pages\/1724\/revisions"}],"wp:attachment":[{"href":"https:\/\/www.ecosoulericeira.com\/es\/wp-json\/wp\/v2\/media?parent=1724"}],"curies":[{"name":"wp","href":"https:\/\/api.w.org\/{rel}","templated":true}]}}