{"id":1042,"date":"2018-03-29T10:05:39","date_gmt":"2018-03-29T10:05:39","guid":{"rendered":"https:\/\/www.ecosoulericeira.com\/reviews\/"},"modified":"2023-04-11T19:24:55","modified_gmt":"2023-04-11T19:24:55","slug":"comentarios","status":"publish","type":"page","link":"https:\/\/www.ecosoulericeira.com\/es\/comentarios\/","title":{"rendered":"Comentarios"},"content":{"rendered":"<div class=\"wpb-content-wrapper\">[vc_row fullwidth=\u00bbtrue\u00bb css=\u00bb.vc_custom_1522320405392{background-image: url(https:\/\/www.ecosoulericeira.com\/wp-content\/uploads\/2018\/03\/topo-reviews-min.jpg?id=892) !important;background-position: center !important;background-repeat: no-repeat !important;background-size: cover !important;}\u00bb][vc_column][mk_padding_divider size=\u00bb380&#8243;][\/vc_column][\/vc_row][vc_row][vc_column][mk_padding_divider size=\u00bb90&#8243;][\/vc_column][\/vc_row][vc_row fullwidth=\u00bbtrue\u00bb][vc_column][mk_padding_divider size=\u00bb20&#8243;][vc_column_text css=\u00bb.vc_custom_1595154688896{margin-bottom: 0px !important;}\u00bb]\n<h1 style=\"text-align: center;\">Comentarios<\/h1>\n[\/vc_column_text][vc_row_inner][vc_column_inner width=\u00bb1\/4&#8243;][\/vc_column_inner][vc_column_inner width=\u00bb1\/2&#8243;][vc_column_text css=\u00bb.vc_custom_1547161775343{margin-bottom: 0px !important;}\u00bb]\n<p style=\"text-align: center;\">Descubra m\u00e1s detalles sobre Eco Soul Ericeira Guesthouse a trav\u00e9s de las experiencias de nuestros hu\u00e9spedes. Aqu\u00ed encontrar\u00e1 informaci\u00f3n \u00fatil y veraz recogida por una empresa independiente para ayudarle a tomar la mejor decisi\u00f3n.<\/p>\n[\/vc_column_text][\/vc_column_inner][vc_column_inner width=\u00bb1\/4&#8243;][\/vc_column_inner][\/vc_row_inner][\/vc_column][\/vc_row][vc_row][vc_column][\/vc_column][\/vc_row][vc_row fullwidth=\u00bbtrue\u00bb][vc_column width=\u00bb1\/3&#8243;][mk_custom_box padding_horizental=\u00bb30&#8243;][mk_blockquote font_family=\u00bbnone\u00bb]\n<h3 style=\"text-align: left;\"><a class=\"Qwuub\" href=\"https:\/\/www.tripadvisor.com\/ShowUserReviews-g652084-d12230145-r858319397-Eco_Soul_Ericeira_Guesthouse-Ericeira_Mafra_Lisbon_District_Central_Portugal.html\" target=\"_blank\" rel=\"noopener\">Unique time at a special place<\/a><\/h3>\n<p style=\"text-align: left;\">We spend 10 great days at this unique place. Camille and Saul did everything to let us have a good time. Because of the litte amount of rooms, they are offering a very individual service.\u00a0In this guesthouse you can have a calmful time away from Ericeira, where it is pretty touristic. Nevertheless it takes only few minutes to reach all the great surfing spots of Ericeira.\u00a0Our room showed up in a minimalistic and classy interior. Furthermore we had a nice view into the beautiful garden. The garden offers a big sun terrace for all the guests with a great view on the sea. We loved to start our days on this terrace playing some boardgames.\u00a0We are missing the breakfast already, which was made alway fresh according to our wishes. The Banana-Cheese Toast is definitely a MUST \ud83d\ude09\u00a0Thank you for having us in your house, we did really enjoy it!\u00a0Best wishes,<br \/>\nMagda &amp; Jan<\/p>\n[\/mk_blockquote][\/mk_custom_box][\/vc_column][vc_column width=\u00bb1\/3&#8243;][mk_custom_box padding_horizental=\u00bb30&#8243;][mk_blockquote font_family=\u00bbnone\u00bb]\n<h3 style=\"text-align: left;\"><a class=\"Qwuub\" href=\"https:\/\/www.tripadvisor.com\/ShowUserReviews-g652084-d12230145-r811203171-Eco_Soul_Ericeira_Guesthouse-Ericeira_Mafra_Lisbon_District_Central_Portugal.html\" target=\"_blank\" rel=\"noopener\">A 5 day chill and surf trip \u2013 we couldn&#8217;t have stayed anywhere better than Eco Soul<\/a><\/h3>\n<p style=\"text-align: left;\">Eco Soul is a magical place with extraordinary views, hiking trails directly from the house and just wonderful hosts! Camile and Sa\u00fal create a deeply personal experience, giving individualized advice and really looking after their guests. The rooms are cosy with great views if you get a balcony, the breakfast is thoughtful and delicious. Ericeria is a 10 minutes drive, so close enough for dining and beaching but far away enough for EcoSou to be truly calm and relaxing. We will be back!<br \/>\nMarie<\/p>\n[\/mk_blockquote][\/mk_custom_box][\/vc_column][vc_column width=\u00bb1\/3&#8243;][mk_custom_box padding_horizental=\u00bb30&#8243;][mk_blockquote font_family=\u00bbnone\u00bb]\n<h3 style=\"text-align: left;\"><a class=\"Qwuub\" href=\"https:\/\/www.tripadvisor.com\/ShowUserReviews-g652084-d12230145-r761899780-Eco_Soul_Ericeira_Guesthouse-Ericeira_Mafra_Lisbon_District_Central_Portugal.html\" target=\"_blank\" rel=\"noopener\">Amazing, lovely, peaceful place!<\/a><\/h3>\n<p style=\"text-align: left;\">We truly loved loved loved this pace. The owners, Camile and Saul, are the kindest people ever, very professional and super friendly at the same time, always ready to answer questions or help.<br \/>\nThe whole place is just perfectly made, from the interior of the room, to the common area by the reception, the cutest breakfast restaurant ever (and also excellent breakfast, made at the moment) and last but not least: the garden with a sea and sunset view. Just perfect.<br \/>\nThe hygiene is at the highest level!<br \/>\nThe location is perfect &#8211; just 10min walk to S. Juliao beach where you can do hiking by the cliff, or walking on the beach during low tide, or enjoying a coffee or drink in the local restaurant. Again, just perfect. I will go back. Frosina<\/p>\n[\/mk_blockquote][\/mk_custom_box][\/vc_column][\/vc_row][vc_row][vc_column][mk_padding_divider size=\u00bb90&#8243;][\/vc_column][\/vc_row][vc_row fullwidth=\u00bbtrue\u00bb css=\u00bb.vc_custom_1591789050210{border-top-width: 2px !important;background-image: url(https:\/\/www.ecosoulericeira.com\/wp-content\/uploads\/2018\/03\/footer-background-min-1-1.jpg?id=726) !important;background-position: center !important;background-repeat: no-repeat !important;background-size: cover !important;border-top-color: #c1c1c1 !important;border-top-style: solid !important;}\u00bb][vc_column][mk_padding_divider size=\u00bb80&#8243;][vc_column_text css=\u00bb.vc_custom_1591789044637{margin-bottom: 0px !important;}\u00bb]\n<p style=\"text-align: center;\"><strong><a href=\"\/es\/\">Home<\/a>\u00a0 \u00a0<a href=\"\/es\/habitaciones\/\">Habitaciones<\/a>\u00a0 \u00a0<a href=\"\/es\/comodidades\/\">Comodidades<\/a>\u00a0 \u00a0<a href=\"\/es\/paquetes\/\">Paquetes<\/a>\u00a0 \u00a0<a href=\"\/es\/galeria\/\">Fotografias<\/a>\u00a0 \u00a0<a href=\"\/es\/virtualtour-2\/\">Tour Virtual<\/a>\u00a0 \u00a0<a href=\"\/es\/sobre-nosotros\/nuestra-historia\/\">Historia<\/a>\u00a0 \u00a0<a href=\"\/es\/sobre-nosotros\/sostenibilidad\/\">Sostenibilidad<\/a>\u00a0 \u00a0<a href=\"\/es\/comentarios\/\">Comentarios<\/a>\u00a0 \u00a0<a href=\"\/es\/localizacion\/\">Localizacion<\/a>\u00a0 \u00a0<a href=\"\/es\/blog\/\">Blog<\/a>\u00a0 \u00a0<a href=\"\/es\/contactos\/\">Contactos<\/a><\/strong><\/p>\n[\/vc_column_text][mk_divider style=\u00bbthin_solid\u00bb divider_width=\u00bbcustom_width\u00bb custom_width=\u00bb25&#8243; thin_single_color=\u00bb#5b5b5b\u00bb thickness=\u00bb2&#8243; margin_top=\u00bb5&#8243;][vc_custom_heading text=\u00bbS\u00edguenos:\u00bb font_container=\u00bbtag:h5|font_size:24px|text_align:center|color:%23000000|line_height:34px\u00bb google_fonts=\u00bbfont_family:Bitter%3Aregular%2Citalic%2C700|font_style:700%20bold%20regular%3A700%3Anormal\u00bb][vc_row_inner is_fullwidth_content=\u00bbfalse\u00bb][vc_column_inner][mk_social_networks size=\u00bblarge\u00bb style=\u00bbsimple-rounded\u00bb margin=\u00bb8&#8243; border_color=\u00bb#000000&#8243; bg_color=\u00bb#ffffff\u00bb bg_hover_color=\u00bb#0096d3&#8243; icon_color=\u00bb#000000&#8243; icon_hover_color=\u00bb#ffffff\u00bb align=\u00bbcenter\u00bb facebook=\u00bbhttps:\/\/www.facebook.com\/ecosoulericeira\/\u00bb instagram=\u00bbhttps:\/\/www.instagram.com\/ecosoulericeira\/\u00bb][\/vc_column_inner][\/vc_row_inner][mk_divider style=\u00bbthin_solid\u00bb divider_width=\u00bbcustom_width\u00bb custom_width=\u00bb25&#8243; thin_single_color=\u00bb#5b5b5b\u00bb thickness=\u00bb2&#8243; margin_top=\u00bb5&#8243; margin_bottom=\u00bb30&#8243;][vc_column_text el_class=\u00bbtextfooter\u00bb css=\u00bb.vc_custom_1591790019533{margin-bottom: 0px !important;}\u00bb]\n<p style=\"text-align: center;\"><span style=\"color: #000000;\"><a style=\"color: #000000;\" href=\"\/es\/terminos-condiciones\/\">T\u00e9rminos &amp; Condiciones<\/a><strong>\u00a0 \u00a0<\/strong><a style=\"color: #000000;\" href=\"\/es\/a-tener-en-cuenta\/\">A Tener en Cuenta<\/a>\u00a0 \u00a0<a style=\"color: #000000;\" href=\"\/es\/preguntas-frecuentes\/\">Preguntas Frecuentes<\/a><\/span><\/p>\n[\/vc_column_text][vc_custom_heading text=\u00bbRegistro n\u00ba 35938\/AL\u00bb font_container=\u00bbtag:p|font_size:14px|text_align:center|color:%23000000|line_height:12px\u00bb google_fonts=\u00bbfont_family:Source%20Sans%20Pro%3A200%2C200italic%2C300%2C300italic%2Cregular%2Citalic%2C600%2C600italic%2C700%2C700italic%2C900%2C900italic|font_style:400%20regular%3A400%3Anormal\u00bb link=\u00bb|||\u00bb][mk_padding_divider size=\u00bb10&#8243;][vc_row_inner][vc_column_inner width=\u00bb1\/3&#8243;][\/vc_column_inner][vc_column_inner width=\u00bb1\/3&#8243;][vc_raw_html]JTNDZGl2JTIwYWxpZ24lM0QlMjJjZW50ZXIlMjIlMjBpZCUzRCUyMlRBX2V4Y2VsbGVudDg1MiUyMiUyMGNsYXNzJTNEJTIyVEFfZXhjZWxsZW50JTIyJTNFJTNDdWwlMjBpZCUzRCUyMnBNUXVndmslMjIlMjBjbGFzcyUzRCUyMlRBX2xpbmtzJTIwNTU4eHRwdCUyMiUzRSUzQ2xpJTIwaWQlM0QlMjJZUGNpd0psOVBtMzAlMjIlMjBjbGFzcyUzRCUyMkxJSnZBWVJXTSUyMiUzRSUzQ2ElMjB0YXJnZXQlM0QlMjJfYmxhbmslMjIlMjBocmVmJTNEJTIyaHR0cHMlM0ElMkYlMkZ3d3cudHJpcGFkdmlzb3IuY28udWslMkZIb3RlbF9SZXZpZXctZzY1MjA4NC1kMTIyMzAxNDUtUmV2aWV3cy1FY29fU291bF9FcmljZWlyYV9HdWVzdGhvdXNlLUVyaWNlaXJhX01hZnJhX0xpc2Jvbl9EaXN0cmljdF9DZW50cmFsX1BvcnR1Z2FsLmh0bWwlMjIlM0UlM0NpbWclMjBzcmMlM0QlMjJodHRwcyUzQSUyRiUyRnN0YXRpYy50YWNkbi5jb20lMkZpbWcyJTJGYnJhbmRfcmVmcmVzaCUyRlRyaXBhZHZpc29yX2xvY2t1cF9ob3Jpem9udGFsX3NlY29uZGFyeV9yZWdpc3RlcmVkLnN2ZyUyMiUyMGFsdCUzRCUyMlRyaXBBZHZpc29yJTIyJTIwY2xhc3MlM0QlMjJ3aWRFWENJTUclMjIlMjBpZCUzRCUyMkNEU1dJREVYQ0xPR08lMjIlMkYlM0UlM0MlMkZhJTNFJTNDJTJGbGklM0UlM0MlMkZ1bCUzRSUzQyUyRmRpdiUzRSUzQ3NjcmlwdCUyMGFzeW5jJTIwc3JjJTNEJTIyaHR0cHMlM0ElMkYlMkZ3d3cuanNjYWNoZS5jb20lMkZ3ZWpzJTNGd3R5cGUlM0RleGNlbGxlbnQlMjZhbXAlM0J1bmlxJTNEODUyJTI2YW1wJTNCbG9jYXRpb25JZCUzRDEyMjMwMTQ1JTI2YW1wJTNCbGFuZyUzRGVuX1VLJTI2YW1wJTNCZGlzcGxheV92ZXJzaW9uJTNEMiUyMiUyMGRhdGEtbG9hZHRyayUyMG9ubG9hZCUzRCUyMnRoaXMubG9hZHRyayUzRHRydWUlMjIlM0UlM0MlMkZzY3JpcHQlM0U=[\/vc_raw_html][\/vc_column_inner][vc_column_inner width=\u00bb1\/3&#8243;][\/vc_column_inner][\/vc_row_inner][mk_padding_divider size=\u00bb10&#8243;][vc_custom_heading text=\u00bbWeb Design &amp; Digital Marketing by: Revenize\u00bb font_container=\u00bbtag:p|font_size:12px|text_align:center|color:%23444444|line_height:18px\u00bb google_fonts=\u00bbfont_family:Source%20Sans%20Pro%3A200%2C200italic%2C300%2C300italic%2Cregular%2Citalic%2C600%2C600italic%2C700%2C700italic%2C900%2C900italic|font_style:400%20regular%3A400%3Anormal\u00bb link=\u00bburl:http%3A%2F%2Fwww.revenize.pt%2F||target:%20_blank|\u00bb][mk_padding_divider size=\u00bb5&#8243;][\/vc_column][\/vc_row]\n<\/div>","protected":false},"excerpt":{"rendered":"<p>[vc_row fullwidth=\u00bbtrue\u00bb css=\u00bb.vc_custom_1522320405392{background-image: url(https:\/\/www.ecosoulericeira.com\/wp-content\/uploads\/2018\/03\/topo-reviews-min.jpg?id=892) !important;background-position: center !important;background-repeat: no-repeat !important;background-size: cover !important;}\u00bb][vc_column][mk_padding_divider size=\u00bb380&#8243;][\/vc_column][\/vc_row][vc_row][vc_column][mk_padding_divider size=\u00bb90&#8243;][\/vc_column][\/vc_row][vc_row fullwidth=\u00bbtrue\u00bb][vc_column][mk_padding_divider size=\u00bb20&#8243;][vc_column_text css=\u00bb.vc_custom_1595154688896{margin-bottom: 0px !important;}\u00bb] Comentarios [\/vc_column_text][vc_row_inner][vc_column_inner width=\u00bb1\/4&#8243;][\/vc_column_inner][vc_column_inner width=\u00bb1\/2&#8243;][vc_column_text css=\u00bb.vc_custom_1547161775343{margin-bottom: 0px !important;}\u00bb] Descubra m\u00e1s detalles sobre Eco Soul Ericeira Guesthouse a trav\u00e9s de las experiencias de nuestros hu\u00e9spedes. Aqu\u00ed encontrar\u00e1 informaci\u00f3n \u00fatil y veraz recogida por una empresa independiente para ayudarle a [&hellip;]<\/p>\n","protected":false},"author":1,"featured_media":0,"parent":0,"menu_order":0,"comment_status":"closed","ping_status":"closed","template":"","meta":{"footnotes":""},"class_list":["post-1042","page","type-page","status-publish","hentry"],"yoast_head":"<!-- This site is optimized with the Yoast SEO plugin v26.9 - https:\/\/yoast.com\/product\/yoast-seo-wordpress\/ -->\n<title>Comentarios - Eco Soul Ericeira<\/title>\n<meta name=\"robots\" content=\"index, follow, max-snippet:-1, max-image-preview:large, max-video-preview:-1\" \/>\n<link rel=\"canonical\" href=\"https:\/\/www.ecosoulericeira.com\/es\/comentarios\/\" \/>\n<meta property=\"og:locale\" content=\"es_ES\" \/>\n<meta property=\"og:type\" content=\"article\" \/>\n<meta property=\"og:title\" content=\"Comentarios - Eco Soul Ericeira\" \/>\n<meta property=\"og:description\" content=\"[vc_row fullwidth=\u00bbtrue\u00bb css=\u00bb.vc_custom_1522320405392{background-image: url(https:\/\/www.ecosoulericeira.com\/wp-content\/uploads\/2018\/03\/topo-reviews-min.jpg?id=892) !important;background-position: center !important;background-repeat: no-repeat !important;background-size: cover !important;}\u00bb][vc_column][mk_padding_divider size=\u00bb380&#8243;][\/vc_column][\/vc_row][vc_row][vc_column][mk_padding_divider size=\u00bb90&#8243;][\/vc_column][\/vc_row][vc_row fullwidth=\u00bbtrue\u00bb][vc_column][mk_padding_divider size=\u00bb20&#8243;][vc_column_text css=\u00bb.vc_custom_1595154688896{margin-bottom: 0px !important;}\u00bb] Comentarios [\/vc_column_text][vc_row_inner][vc_column_inner width=\u00bb1\/4&#8243;][\/vc_column_inner][vc_column_inner width=\u00bb1\/2&#8243;][vc_column_text css=\u00bb.vc_custom_1547161775343{margin-bottom: 0px !important;}\u00bb] Descubra m\u00e1s detalles sobre Eco Soul Ericeira Guesthouse a trav\u00e9s de las experiencias de nuestros hu\u00e9spedes. Aqu\u00ed encontrar\u00e1 informaci\u00f3n \u00fatil y veraz recogida por una empresa independiente para ayudarle a [&hellip;]\" \/>\n<meta property=\"og:url\" content=\"https:\/\/www.ecosoulericeira.com\/es\/comentarios\/\" \/>\n<meta property=\"og:site_name\" content=\"Eco Soul Ericeira\" \/>\n<meta property=\"article:modified_time\" content=\"2023-04-11T19:24:55+00:00\" \/>\n<meta name=\"twitter:card\" content=\"summary_large_image\" \/>\n<meta name=\"twitter:label1\" content=\"Tiempo de lectura\" \/>\n\t<meta name=\"twitter:data1\" content=\"4 minutos\" \/>\n<script type=\"application\/ld+json\" class=\"yoast-schema-graph\">{\"@context\":\"https:\/\/schema.org\",\"@graph\":[{\"@type\":\"WebPage\",\"@id\":\"https:\/\/www.ecosoulericeira.com\/es\/comentarios\/\",\"url\":\"https:\/\/www.ecosoulericeira.com\/es\/comentarios\/\",\"name\":\"Comentarios - Eco Soul Ericeira\",\"isPartOf\":{\"@id\":\"https:\/\/www.ecosoulericeira.com\/es\/#website\"},\"datePublished\":\"2018-03-29T10:05:39+00:00\",\"dateModified\":\"2023-04-11T19:24:55+00:00\",\"breadcrumb\":{\"@id\":\"https:\/\/www.ecosoulericeira.com\/es\/comentarios\/#breadcrumb\"},\"inLanguage\":\"es\",\"potentialAction\":[{\"@type\":\"ReadAction\",\"target\":[\"https:\/\/www.ecosoulericeira.com\/es\/comentarios\/\"]}]},{\"@type\":\"BreadcrumbList\",\"@id\":\"https:\/\/www.ecosoulericeira.com\/es\/comentarios\/#breadcrumb\",\"itemListElement\":[{\"@type\":\"ListItem\",\"position\":1,\"name\":\"In\u00edcio\",\"item\":\"https:\/\/www.ecosoulericeira.com\/es\/\"},{\"@type\":\"ListItem\",\"position\":2,\"name\":\"Comentarios\"}]},{\"@type\":\"WebSite\",\"@id\":\"https:\/\/www.ecosoulericeira.com\/es\/#website\",\"url\":\"https:\/\/www.ecosoulericeira.com\/es\/\",\"name\":\"Eco Soul Ericeira\",\"description\":\"Ecological &amp; Charming Guesthouse\",\"potentialAction\":[{\"@type\":\"SearchAction\",\"target\":{\"@type\":\"EntryPoint\",\"urlTemplate\":\"https:\/\/www.ecosoulericeira.com\/es\/?s={search_term_string}\"},\"query-input\":{\"@type\":\"PropertyValueSpecification\",\"valueRequired\":true,\"valueName\":\"search_term_string\"}}],\"inLanguage\":\"es\"}]}<\/script>\n<!-- \/ Yoast SEO plugin. -->","yoast_head_json":{"title":"Comentarios - Eco Soul Ericeira","robots":{"index":"index","follow":"follow","max-snippet":"max-snippet:-1","max-image-preview":"max-image-preview:large","max-video-preview":"max-video-preview:-1"},"canonical":"https:\/\/www.ecosoulericeira.com\/es\/comentarios\/","og_locale":"es_ES","og_type":"article","og_title":"Comentarios - Eco Soul Ericeira","og_description":"[vc_row fullwidth=\u00bbtrue\u00bb css=\u00bb.vc_custom_1522320405392{background-image: url(https:\/\/www.ecosoulericeira.com\/wp-content\/uploads\/2018\/03\/topo-reviews-min.jpg?id=892) !important;background-position: center !important;background-repeat: no-repeat !important;background-size: cover !important;}\u00bb][vc_column][mk_padding_divider size=\u00bb380&#8243;][\/vc_column][\/vc_row][vc_row][vc_column][mk_padding_divider size=\u00bb90&#8243;][\/vc_column][\/vc_row][vc_row fullwidth=\u00bbtrue\u00bb][vc_column][mk_padding_divider size=\u00bb20&#8243;][vc_column_text css=\u00bb.vc_custom_1595154688896{margin-bottom: 0px !important;}\u00bb] Comentarios [\/vc_column_text][vc_row_inner][vc_column_inner width=\u00bb1\/4&#8243;][\/vc_column_inner][vc_column_inner width=\u00bb1\/2&#8243;][vc_column_text css=\u00bb.vc_custom_1547161775343{margin-bottom: 0px !important;}\u00bb] Descubra m\u00e1s detalles sobre Eco Soul Ericeira Guesthouse a trav\u00e9s de las experiencias de nuestros hu\u00e9spedes. Aqu\u00ed encontrar\u00e1 informaci\u00f3n \u00fatil y veraz recogida por una empresa independiente para ayudarle a [&hellip;]","og_url":"https:\/\/www.ecosoulericeira.com\/es\/comentarios\/","og_site_name":"Eco Soul Ericeira","article_modified_time":"2023-04-11T19:24:55+00:00","twitter_card":"summary_large_image","twitter_misc":{"Tiempo de lectura":"4 minutos"},"schema":{"@context":"https:\/\/schema.org","@graph":[{"@type":"WebPage","@id":"https:\/\/www.ecosoulericeira.com\/es\/comentarios\/","url":"https:\/\/www.ecosoulericeira.com\/es\/comentarios\/","name":"Comentarios - Eco Soul Ericeira","isPartOf":{"@id":"https:\/\/www.ecosoulericeira.com\/es\/#website"},"datePublished":"2018-03-29T10:05:39+00:00","dateModified":"2023-04-11T19:24:55+00:00","breadcrumb":{"@id":"https:\/\/www.ecosoulericeira.com\/es\/comentarios\/#breadcrumb"},"inLanguage":"es","potentialAction":[{"@type":"ReadAction","target":["https:\/\/www.ecosoulericeira.com\/es\/comentarios\/"]}]},{"@type":"BreadcrumbList","@id":"https:\/\/www.ecosoulericeira.com\/es\/comentarios\/#breadcrumb","itemListElement":[{"@type":"ListItem","position":1,"name":"In\u00edcio","item":"https:\/\/www.ecosoulericeira.com\/es\/"},{"@type":"ListItem","position":2,"name":"Comentarios"}]},{"@type":"WebSite","@id":"https:\/\/www.ecosoulericeira.com\/es\/#website","url":"https:\/\/www.ecosoulericeira.com\/es\/","name":"Eco Soul Ericeira","description":"Ecological &amp; Charming Guesthouse","potentialAction":[{"@type":"SearchAction","target":{"@type":"EntryPoint","urlTemplate":"https:\/\/www.ecosoulericeira.com\/es\/?s={search_term_string}"},"query-input":{"@type":"PropertyValueSpecification","valueRequired":true,"valueName":"search_term_string"}}],"inLanguage":"es"}]}},"_links":{"self":[{"href":"https:\/\/www.ecosoulericeira.com\/es\/wp-json\/wp\/v2\/pages\/1042","targetHints":{"allow":["GET"]}}],"collection":[{"href":"https:\/\/www.ecosoulericeira.com\/es\/wp-json\/wp\/v2\/pages"}],"about":[{"href":"https:\/\/www.ecosoulericeira.com\/es\/wp-json\/wp\/v2\/types\/page"}],"author":[{"embeddable":true,"href":"https:\/\/www.ecosoulericeira.com\/es\/wp-json\/wp\/v2\/users\/1"}],"replies":[{"embeddable":true,"href":"https:\/\/www.ecosoulericeira.com\/es\/wp-json\/wp\/v2\/comments?post=1042"}],"version-history":[{"count":2,"href":"https:\/\/www.ecosoulericeira.com\/es\/wp-json\/wp\/v2\/pages\/1042\/revisions"}],"predecessor-version":[{"id":3386,"href":"https:\/\/www.ecosoulericeira.com\/es\/wp-json\/wp\/v2\/pages\/1042\/revisions\/3386"}],"wp:attachment":[{"href":"https:\/\/www.ecosoulericeira.com\/es\/wp-json\/wp\/v2\/media?parent=1042"}],"curies":[{"name":"wp","href":"https:\/\/api.w.org\/{rel}","templated":true}]}}