{"id":1021,"date":"2018-02-22T21:18:48","date_gmt":"2018-02-22T21:18:48","guid":{"rendered":"https:\/\/www.ecosoulericeira.com\/quartos\/"},"modified":"2020-08-21T13:35:08","modified_gmt":"2020-08-21T13:35:08","slug":"habitaciones","status":"publish","type":"page","link":"https:\/\/www.ecosoulericeira.com\/es\/habitaciones\/","title":{"rendered":"Habitaciones"},"content":{"rendered":"<div class=\"wpb-content-wrapper\">[vc_row fullwidth=\u00bbtrue\u00bb css=\u00bb.vc_custom_1519399053974{background-image: url(http:\/\/www.ecosoulericeira.com\/wp-content\/uploads\/2018\/02\/quartos-green-feelings-min.jpg?id=361) !important;background-position: center !important;background-repeat: no-repeat !important;background-size: cover !important;}\u00bb][vc_column][mk_padding_divider size=\u00bb380&#8243;][\/vc_column][\/vc_row][vc_row][vc_column][mk_padding_divider size=\u00bb90&#8243;][\/vc_column][\/vc_row][vc_row][vc_column][vc_column_text css=\u00bb.vc_custom_1595094336444{margin-bottom: 0px !important;}\u00bb]\n<h1 style=\"text-align: center;\">Habitaciones<\/h1>\n[\/vc_column_text][\/vc_column][\/vc_row][vc_row fullwidth=\u00bbtrue\u00bb fullwidth_content=\u00bbfalse\u00bb css=\u00bb.vc_custom_1519403772298{background-position: center !important;background-repeat: no-repeat !important;background-size: cover !important;}\u00bb][vc_column][vc_row_inner][vc_column_inner width=\u00bb1\/2&#8243;][mk_custom_box padding_vertical=\u00bb15&#8243; padding_horizental=\u00bb15&#8243; margin_bottom=\u00bb0&#8243; animation=\u00bbfade-in\u00bb bg_color=\u00bb#ffffff\u00bb elevation_effect=\u00bbtrue\u00bb][mk_image src=\u00bbhttps:\/\/www.ecosoulericeira.com\/wp-content\/uploads\/2018\/03\/blue-feelings-topo.jpg\u00bb image_size=\u00bbfull\u00bb link=\u00bb\/es\/habitaciones\/habitaciones-vista-mar\/\u00bb margin_bottom=\u00bb0&#8243; crop=\u00bbfalse\u00bb][\/mk_custom_box][mk_padding_divider size=\u00bb30&#8243;][vc_column_text css=\u00bb.vc_custom_1595094399085{margin-bottom: 0px !important;}\u00bb]\n<h2 style=\"text-align: center;\"><a href=\"\/es\/habitaciones\/habitaciones-vista-mar\/\">Habitaciones Vista Mar<\/a><\/h2>\n[\/vc_column_text][vc_column_text css=\u00bb.vc_custom_1523456304912{margin-bottom: 0px !important;padding-right: 3% !important;padding-left: 3% !important;}\u00bb]\n<p style=\"text-align: center;\">Con vistas al mar y con el sonido de las olas de fondo, invitan a relajarse y ver el hermoso atardecer sobre el Atl\u00e1ntico. Al caer la noche se disfruta de una paz absoluta.<\/p>\n[\/vc_column_text][mk_button dimension=\u00bbflat\u00bb size=\u00bbmedium\u00bb url=\u00bb\/es\/habitaciones\/habitaciones-vista-mar\/\u00bb align=\u00bbcenter\u00bb margin_top=\u00bb5&#8243; margin_bottom=\u00bb0&#8243; margin_right=\u00bb0&#8243;]VER HABITACIONES VISTA MAR[\/mk_button][mk_padding_divider size=\u00bb50&#8243;][\/vc_column_inner][vc_column_inner width=\u00bb1\/2&#8243;][mk_custom_box padding_vertical=\u00bb15&#8243; padding_horizental=\u00bb15&#8243; margin_bottom=\u00bb0&#8243; animation=\u00bbfade-in\u00bb bg_color=\u00bb#ffffff\u00bb elevation_effect=\u00bbtrue\u00bb][mk_image src=\u00bbhttps:\/\/www.ecosoulericeira.com\/wp-content\/uploads\/2018\/03\/green-feelings-topo-min.jpg\u00bb image_size=\u00bbfull\u00bb link=\u00bb\/es\/habitaciones\/habitaciones-vista-jardin\/\u00bb margin_bottom=\u00bb0&#8243; crop=\u00bbfalse\u00bb][\/mk_custom_box][mk_padding_divider size=\u00bb30&#8243;][vc_column_text css=\u00bb.vc_custom_1595094413215{margin-bottom: 0px !important;}\u00bb]\n<h2 style=\"text-align: center;\"><a href=\"\/es\/habitaciones\/habitaciones-vista-jardin\/\">Habitaciones Vista Jardin<\/a><\/h2>\n[\/vc_column_text][vc_column_text css=\u00bb.vc_custom_1523456320696{margin-bottom: 0px !important;padding-right: 3% !important;padding-left: 3% !important;}\u00bb]\n<p style=\"text-align: center;\">Con vistas al Parque Natural de Sintra-Casc\u00e1is, la terraza en madera y el jard\u00edn a sus pies, invitan a leer un libro, escuchar el canto de los p\u00e1jaros y observar la llegada de las estrellas.<\/p>\n[\/vc_column_text][mk_button dimension=\u00bbflat\u00bb size=\u00bbmedium\u00bb url=\u00bb\/es\/habitaciones\/habitaciones-vista-jardin\/\u00bb align=\u00bbcenter\u00bb margin_top=\u00bb5&#8243; margin_bottom=\u00bb0&#8243; margin_right=\u00bb0&#8243;]VER HABITACIONES VISTA JARDIN[\/mk_button][mk_padding_divider size=\u00bb50&#8243;][\/vc_column_inner][\/vc_row_inner][\/vc_column][\/vc_row][vc_row fullwidth=\u00bbtrue\u00bb fullwidth_content=\u00bbfalse\u00bb][vc_column][mk_padding_divider][\/vc_column][\/vc_row][vc_row fullwidth=\u00bbtrue\u00bb css=\u00bb.vc_custom_1591790048980{border-top-width: 2px !important;background-image: url(https:\/\/www.ecosoulericeira.com\/wp-content\/uploads\/2018\/03\/footer-background-min-1-1.jpg?id=726) !important;background-position: center !important;background-repeat: no-repeat !important;background-size: cover !important;border-top-color: #c1c1c1 !important;border-top-style: solid !important;}\u00bb][vc_column][mk_padding_divider size=\u00bb80&#8243;][vc_column_text css=\u00bb.vc_custom_1591790083273{margin-bottom: 0px !important;}\u00bb]\n<p style=\"text-align: center;\"><strong><a href=\"\/es\/\">Home<\/a>\u00a0 \u00a0<a href=\"\/es\/habitaciones\/\">Habitaciones<\/a>\u00a0 \u00a0<a href=\"\/es\/comodidades\/\">Comodidades<\/a>\u00a0 \u00a0<a href=\"\/es\/paquetes\/\">Paquetes<\/a>\u00a0 \u00a0<a href=\"\/es\/galeria\/\">Fotografias<\/a>\u00a0 \u00a0<a href=\"\/es\/virtualtour-2\/\">Tour Virtual<\/a>\u00a0 \u00a0<a href=\"\/es\/sobre-nosotros\/nuestra-historia\/\">Historia<\/a>\u00a0 \u00a0<a href=\"\/es\/sobre-nosotros\/sostenibilidad\/\">Sostenibilidad<\/a>\u00a0 \u00a0<a href=\"\/es\/comentarios\/\">Comentarios<\/a>\u00a0 \u00a0<a href=\"\/es\/localizacion\/\">Localizacion<\/a>\u00a0 \u00a0<a href=\"\/es\/blog\/\">Blog<\/a>\u00a0 \u00a0<a href=\"\/es\/contactos\/\">Contactos<\/a><\/strong><\/p>\n[\/vc_column_text][mk_divider style=\u00bbthin_solid\u00bb divider_width=\u00bbcustom_width\u00bb custom_width=\u00bb25&#8243; thin_single_color=\u00bb#5b5b5b\u00bb thickness=\u00bb2&#8243; margin_top=\u00bb5&#8243;][vc_custom_heading text=\u00bbS\u00edguenos:\u00bb font_container=\u00bbtag:h5|font_size:24px|text_align:center|color:%23000000|line_height:34px\u00bb google_fonts=\u00bbfont_family:Bitter%3Aregular%2Citalic%2C700|font_style:700%20bold%20regular%3A700%3Anormal\u00bb][vc_row_inner is_fullwidth_content=\u00bbfalse\u00bb][vc_column_inner][mk_social_networks size=\u00bblarge\u00bb style=\u00bbsimple-rounded\u00bb margin=\u00bb8&#8243; border_color=\u00bb#000000&#8243; bg_color=\u00bb#ffffff\u00bb bg_hover_color=\u00bb#0096d3&#8243; icon_color=\u00bb#000000&#8243; icon_hover_color=\u00bb#ffffff\u00bb align=\u00bbcenter\u00bb facebook=\u00bbhttps:\/\/www.facebook.com\/ecosoulericeira\/\u00bb instagram=\u00bbhttps:\/\/www.instagram.com\/ecosoulericeira\/\u00bb][\/vc_column_inner][\/vc_row_inner][mk_divider style=\u00bbthin_solid\u00bb divider_width=\u00bbcustom_width\u00bb custom_width=\u00bb25&#8243; thin_single_color=\u00bb#5b5b5b\u00bb thickness=\u00bb2&#8243; margin_top=\u00bb5&#8243; margin_bottom=\u00bb30&#8243;][vc_column_text el_class=\u00bbtextfooter\u00bb css=\u00bb.vc_custom_1591790019533{margin-bottom: 0px !important;}\u00bb]\n<p style=\"text-align: center;\"><span style=\"color: #000000;\"><a style=\"color: #000000;\" href=\"\/es\/terminos-condiciones\/\">T\u00e9rminos &amp; Condiciones<\/a><strong>\u00a0 \u00a0<\/strong><a style=\"color: #000000;\" href=\"\/es\/a-tener-en-cuenta\/\">A Tener en Cuenta<\/a>\u00a0 \u00a0<a style=\"color: #000000;\" href=\"\/es\/preguntas-frecuentes\/\">Preguntas Frecuentes<\/a><\/span><\/p>\n[\/vc_column_text][vc_custom_heading text=\u00bbRegistro n\u00ba 35938\/AL\u00bb font_container=\u00bbtag:p|font_size:14px|text_align:center|color:%23000000|line_height:12px\u00bb google_fonts=\u00bbfont_family:Source%20Sans%20Pro%3A200%2C200italic%2C300%2C300italic%2Cregular%2Citalic%2C600%2C600italic%2C700%2C700italic%2C900%2C900italic|font_style:400%20regular%3A400%3Anormal\u00bb link=\u00bb|||\u00bb][mk_padding_divider size=\u00bb10&#8243;][vc_row_inner][vc_column_inner width=\u00bb1\/3&#8243;][\/vc_column_inner][vc_column_inner width=\u00bb1\/3&#8243;][vc_raw_html]JTNDZGl2JTIwYWxpZ24lM0QlMjJjZW50ZXIlMjIlMjBpZCUzRCUyMlRBX2V4Y2VsbGVudDg1MiUyMiUyMGNsYXNzJTNEJTIyVEFfZXhjZWxsZW50JTIyJTNFJTNDdWwlMjBpZCUzRCUyMnBNUXVndmslMjIlMjBjbGFzcyUzRCUyMlRBX2xpbmtzJTIwNTU4eHRwdCUyMiUzRSUzQ2xpJTIwaWQlM0QlMjJZUGNpd0psOVBtMzAlMjIlMjBjbGFzcyUzRCUyMkxJSnZBWVJXTSUyMiUzRSUzQ2ElMjB0YXJnZXQlM0QlMjJfYmxhbmslMjIlMjBocmVmJTNEJTIyaHR0cHMlM0ElMkYlMkZ3d3cudHJpcGFkdmlzb3IuY28udWslMkZIb3RlbF9SZXZpZXctZzY1MjA4NC1kMTIyMzAxNDUtUmV2aWV3cy1FY29fU291bF9FcmljZWlyYV9HdWVzdGhvdXNlLUVyaWNlaXJhX01hZnJhX0xpc2Jvbl9EaXN0cmljdF9DZW50cmFsX1BvcnR1Z2FsLmh0bWwlMjIlM0UlM0NpbWclMjBzcmMlM0QlMjJodHRwcyUzQSUyRiUyRnN0YXRpYy50YWNkbi5jb20lMkZpbWcyJTJGYnJhbmRfcmVmcmVzaCUyRlRyaXBhZHZpc29yX2xvY2t1cF9ob3Jpem9udGFsX3NlY29uZGFyeV9yZWdpc3RlcmVkLnN2ZyUyMiUyMGFsdCUzRCUyMlRyaXBBZHZpc29yJTIyJTIwY2xhc3MlM0QlMjJ3aWRFWENJTUclMjIlMjBpZCUzRCUyMkNEU1dJREVYQ0xPR08lMjIlMkYlM0UlM0MlMkZhJTNFJTNDJTJGbGklM0UlM0MlMkZ1bCUzRSUzQyUyRmRpdiUzRSUzQ3NjcmlwdCUyMGFzeW5jJTIwc3JjJTNEJTIyaHR0cHMlM0ElMkYlMkZ3d3cuanNjYWNoZS5jb20lMkZ3ZWpzJTNGd3R5cGUlM0RleGNlbGxlbnQlMjZhbXAlM0J1bmlxJTNEODUyJTI2YW1wJTNCbG9jYXRpb25JZCUzRDEyMjMwMTQ1JTI2YW1wJTNCbGFuZyUzRGVuX1VLJTI2YW1wJTNCZGlzcGxheV92ZXJzaW9uJTNEMiUyMiUyMGRhdGEtbG9hZHRyayUyMG9ubG9hZCUzRCUyMnRoaXMubG9hZHRyayUzRHRydWUlMjIlM0UlM0MlMkZzY3JpcHQlM0U=[\/vc_raw_html][\/vc_column_inner][vc_column_inner width=\u00bb1\/3&#8243;][\/vc_column_inner][\/vc_row_inner][mk_padding_divider size=\u00bb10&#8243;][vc_custom_heading text=\u00bbWeb Design &amp; Digital Marketing by: Revenize\u00bb font_container=\u00bbtag:p|font_size:12px|text_align:center|color:%23444444|line_height:18px\u00bb google_fonts=\u00bbfont_family:Source%20Sans%20Pro%3A200%2C200italic%2C300%2C300italic%2Cregular%2Citalic%2C600%2C600italic%2C700%2C700italic%2C900%2C900italic|font_style:400%20regular%3A400%3Anormal\u00bb link=\u00bburl:http%3A%2F%2Fwww.revenize.pt%2F||target:%20_blank|\u00bb][mk_padding_divider size=\u00bb5&#8243;][\/vc_column][\/vc_row]\n<\/div>","protected":false},"excerpt":{"rendered":"<p>[vc_row fullwidth=\u00bbtrue\u00bb css=\u00bb.vc_custom_1519399053974{background-image: url(http:\/\/www.ecosoulericeira.com\/wp-content\/uploads\/2018\/02\/quartos-green-feelings-min.jpg?id=361) !important;background-position: center !important;background-repeat: no-repeat !important;background-size: cover !important;}\u00bb][vc_column][mk_padding_divider size=\u00bb380&#8243;][\/vc_column][\/vc_row][vc_row][vc_column][mk_padding_divider size=\u00bb90&#8243;][\/vc_column][\/vc_row][vc_row][vc_column][vc_column_text css=\u00bb.vc_custom_1595094336444{margin-bottom: 0px !important;}\u00bb] Habitaciones [\/vc_column_text][\/vc_column][\/vc_row][vc_row fullwidth=\u00bbtrue\u00bb fullwidth_content=\u00bbfalse\u00bb css=\u00bb.vc_custom_1519403772298{background-position: center !important;background-repeat: no-repeat !important;background-size: cover !important;}\u00bb][vc_column][vc_row_inner][vc_column_inner width=\u00bb1\/2&#8243;][mk_custom_box padding_vertical=\u00bb15&#8243; padding_horizental=\u00bb15&#8243; margin_bottom=\u00bb0&#8243; animation=\u00bbfade-in\u00bb bg_color=\u00bb#ffffff\u00bb elevation_effect=\u00bbtrue\u00bb][mk_image src=\u00bbhttps:\/\/www.ecosoulericeira.com\/wp-content\/uploads\/2018\/03\/blue-feelings-topo.jpg\u00bb image_size=\u00bbfull\u00bb link=\u00bb\/es\/habitaciones\/habitaciones-vista-mar\/\u00bb margin_bottom=\u00bb0&#8243; crop=\u00bbfalse\u00bb][\/mk_custom_box][mk_padding_divider size=\u00bb30&#8243;][vc_column_text css=\u00bb.vc_custom_1595094399085{margin-bottom: 0px !important;}\u00bb] Habitaciones Vista Mar [\/vc_column_text][vc_column_text css=\u00bb.vc_custom_1523456304912{margin-bottom: 0px !important;padding-right: 3% !important;padding-left: 3% !important;}\u00bb] Con [&hellip;]<\/p>\n","protected":false},"author":1,"featured_media":0,"parent":0,"menu_order":0,"comment_status":"closed","ping_status":"closed","template":"","meta":{"footnotes":""},"class_list":["post-1021","page","type-page","status-publish","hentry"],"yoast_head":"<!-- This site is optimized with the Yoast SEO plugin v26.9 - https:\/\/yoast.com\/product\/yoast-seo-wordpress\/ -->\n<title>Habitaciones con vistas al mar y a la monta\u00f1a - Eco Soul Ericeira<\/title>\n<meta name=\"description\" content=\"Alojamiento en Ericeira. Habitaciones con vista al mar y a la monta\u00f1a. Con vistas al Oc\u00e9ano Atl\u00e1ntico y al Parque Natural de Sintra-Cascais. Ven y rel\u00e1jate!\" \/>\n<meta name=\"robots\" content=\"index, follow, max-snippet:-1, max-image-preview:large, max-video-preview:-1\" \/>\n<link rel=\"canonical\" href=\"https:\/\/www.ecosoulericeira.com\/es\/habitaciones\/\" \/>\n<meta property=\"og:locale\" content=\"es_ES\" \/>\n<meta property=\"og:type\" content=\"article\" \/>\n<meta property=\"og:title\" content=\"Habitaciones con vistas al mar y a la monta\u00f1a - Eco Soul Ericeira\" \/>\n<meta property=\"og:description\" content=\"Alojamiento en Ericeira. Habitaciones con vista al mar y a la monta\u00f1a. Con vistas al Oc\u00e9ano Atl\u00e1ntico y al Parque Natural de Sintra-Cascais. Ven y rel\u00e1jate!\" \/>\n<meta property=\"og:url\" content=\"https:\/\/www.ecosoulericeira.com\/es\/habitaciones\/\" \/>\n<meta property=\"og:site_name\" content=\"Eco Soul Ericeira\" \/>\n<meta property=\"article:modified_time\" content=\"2020-08-21T13:35:08+00:00\" \/>\n<meta name=\"twitter:card\" content=\"summary_large_image\" \/>\n<meta name=\"twitter:label1\" content=\"Tiempo de lectura\" \/>\n\t<meta name=\"twitter:data1\" content=\"2 minutos\" \/>\n<script type=\"application\/ld+json\" class=\"yoast-schema-graph\">{\"@context\":\"https:\/\/schema.org\",\"@graph\":[{\"@type\":\"WebPage\",\"@id\":\"https:\/\/www.ecosoulericeira.com\/es\/habitaciones\/\",\"url\":\"https:\/\/www.ecosoulericeira.com\/es\/habitaciones\/\",\"name\":\"Habitaciones con vistas al mar y a la monta\u00f1a - Eco Soul Ericeira\",\"isPartOf\":{\"@id\":\"https:\/\/www.ecosoulericeira.com\/es\/#website\"},\"datePublished\":\"2018-02-22T21:18:48+00:00\",\"dateModified\":\"2020-08-21T13:35:08+00:00\",\"description\":\"Alojamiento en Ericeira. Habitaciones con vista al mar y a la monta\u00f1a. Con vistas al Oc\u00e9ano Atl\u00e1ntico y al Parque Natural de Sintra-Cascais. Ven y rel\u00e1jate!\",\"breadcrumb\":{\"@id\":\"https:\/\/www.ecosoulericeira.com\/es\/habitaciones\/#breadcrumb\"},\"inLanguage\":\"es\",\"potentialAction\":[{\"@type\":\"ReadAction\",\"target\":[\"https:\/\/www.ecosoulericeira.com\/es\/habitaciones\/\"]}]},{\"@type\":\"BreadcrumbList\",\"@id\":\"https:\/\/www.ecosoulericeira.com\/es\/habitaciones\/#breadcrumb\",\"itemListElement\":[{\"@type\":\"ListItem\",\"position\":1,\"name\":\"In\u00edcio\",\"item\":\"https:\/\/www.ecosoulericeira.com\/es\/\"},{\"@type\":\"ListItem\",\"position\":2,\"name\":\"Habitaciones\"}]},{\"@type\":\"WebSite\",\"@id\":\"https:\/\/www.ecosoulericeira.com\/es\/#website\",\"url\":\"https:\/\/www.ecosoulericeira.com\/es\/\",\"name\":\"Eco Soul Ericeira\",\"description\":\"Ecological &amp; Charming Guesthouse\",\"potentialAction\":[{\"@type\":\"SearchAction\",\"target\":{\"@type\":\"EntryPoint\",\"urlTemplate\":\"https:\/\/www.ecosoulericeira.com\/es\/?s={search_term_string}\"},\"query-input\":{\"@type\":\"PropertyValueSpecification\",\"valueRequired\":true,\"valueName\":\"search_term_string\"}}],\"inLanguage\":\"es\"}]}<\/script>\n<!-- \/ Yoast SEO plugin. -->","yoast_head_json":{"title":"Habitaciones con vistas al mar y a la monta\u00f1a - Eco Soul Ericeira","description":"Alojamiento en Ericeira. Habitaciones con vista al mar y a la monta\u00f1a. Con vistas al Oc\u00e9ano Atl\u00e1ntico y al Parque Natural de Sintra-Cascais. Ven y rel\u00e1jate!","robots":{"index":"index","follow":"follow","max-snippet":"max-snippet:-1","max-image-preview":"max-image-preview:large","max-video-preview":"max-video-preview:-1"},"canonical":"https:\/\/www.ecosoulericeira.com\/es\/habitaciones\/","og_locale":"es_ES","og_type":"article","og_title":"Habitaciones con vistas al mar y a la monta\u00f1a - Eco Soul Ericeira","og_description":"Alojamiento en Ericeira. Habitaciones con vista al mar y a la monta\u00f1a. Con vistas al Oc\u00e9ano Atl\u00e1ntico y al Parque Natural de Sintra-Cascais. Ven y rel\u00e1jate!","og_url":"https:\/\/www.ecosoulericeira.com\/es\/habitaciones\/","og_site_name":"Eco Soul Ericeira","article_modified_time":"2020-08-21T13:35:08+00:00","twitter_card":"summary_large_image","twitter_misc":{"Tiempo de lectura":"2 minutos"},"schema":{"@context":"https:\/\/schema.org","@graph":[{"@type":"WebPage","@id":"https:\/\/www.ecosoulericeira.com\/es\/habitaciones\/","url":"https:\/\/www.ecosoulericeira.com\/es\/habitaciones\/","name":"Habitaciones con vistas al mar y a la monta\u00f1a - Eco Soul Ericeira","isPartOf":{"@id":"https:\/\/www.ecosoulericeira.com\/es\/#website"},"datePublished":"2018-02-22T21:18:48+00:00","dateModified":"2020-08-21T13:35:08+00:00","description":"Alojamiento en Ericeira. Habitaciones con vista al mar y a la monta\u00f1a. Con vistas al Oc\u00e9ano Atl\u00e1ntico y al Parque Natural de Sintra-Cascais. Ven y rel\u00e1jate!","breadcrumb":{"@id":"https:\/\/www.ecosoulericeira.com\/es\/habitaciones\/#breadcrumb"},"inLanguage":"es","potentialAction":[{"@type":"ReadAction","target":["https:\/\/www.ecosoulericeira.com\/es\/habitaciones\/"]}]},{"@type":"BreadcrumbList","@id":"https:\/\/www.ecosoulericeira.com\/es\/habitaciones\/#breadcrumb","itemListElement":[{"@type":"ListItem","position":1,"name":"In\u00edcio","item":"https:\/\/www.ecosoulericeira.com\/es\/"},{"@type":"ListItem","position":2,"name":"Habitaciones"}]},{"@type":"WebSite","@id":"https:\/\/www.ecosoulericeira.com\/es\/#website","url":"https:\/\/www.ecosoulericeira.com\/es\/","name":"Eco Soul Ericeira","description":"Ecological &amp; Charming Guesthouse","potentialAction":[{"@type":"SearchAction","target":{"@type":"EntryPoint","urlTemplate":"https:\/\/www.ecosoulericeira.com\/es\/?s={search_term_string}"},"query-input":{"@type":"PropertyValueSpecification","valueRequired":true,"valueName":"search_term_string"}}],"inLanguage":"es"}]}},"_links":{"self":[{"href":"https:\/\/www.ecosoulericeira.com\/es\/wp-json\/wp\/v2\/pages\/1021","targetHints":{"allow":["GET"]}}],"collection":[{"href":"https:\/\/www.ecosoulericeira.com\/es\/wp-json\/wp\/v2\/pages"}],"about":[{"href":"https:\/\/www.ecosoulericeira.com\/es\/wp-json\/wp\/v2\/types\/page"}],"author":[{"embeddable":true,"href":"https:\/\/www.ecosoulericeira.com\/es\/wp-json\/wp\/v2\/users\/1"}],"replies":[{"embeddable":true,"href":"https:\/\/www.ecosoulericeira.com\/es\/wp-json\/wp\/v2\/comments?post=1021"}],"version-history":[{"count":1,"href":"https:\/\/www.ecosoulericeira.com\/es\/wp-json\/wp\/v2\/pages\/1021\/revisions"}],"predecessor-version":[{"id":3510,"href":"https:\/\/www.ecosoulericeira.com\/es\/wp-json\/wp\/v2\/pages\/1021\/revisions\/3510"}],"wp:attachment":[{"href":"https:\/\/www.ecosoulericeira.com\/es\/wp-json\/wp\/v2\/media?parent=1021"}],"curies":[{"name":"wp","href":"https:\/\/api.w.org\/{rel}","templated":true}]}}